{"id":5613,"date":"2025-08-19T05:54:04","date_gmt":"2025-08-19T05:54:04","guid":{"rendered":"https:\/\/goldensoarpackage.com\/?post_type=product&#038;p=5613"},"modified":"2025-08-19T06:36:17","modified_gmt":"2025-08-19T06:36:17","slug":"biberones-exprimibles-biberones-de-silicona","status":"publish","type":"product","link":"https:\/\/goldensoarpackage.com\/es\/biberones-exprimibles-biberones-de-silicona\/","title":{"rendered":"Peque\u00f1as botellas exprimibles a prueba de fugas 60ml Botellas de silicona para art\u00edculos de tocador de viaje aprobados por la TSA Envases recargables ligeros OEM personalizables"},"content":{"rendered":"<section style=\"font-family: Arial,Helvetica,sans-serif; width: 100%; margin: 0 auto; line-height: 1.65; color: #222;\">\n<header style=\"text-align: center; padding: 22px 16px 8px;\">\n<h1 style=\"font-size: 28px; margin: 0 0 8px;\">Botellas exprimibles peque\u00f1as - <span style=\"color: #16a34a; font-weight: bold;\">Aprobado por la TSA<\/span> Botellas de silicona para viajes<\/h1>\n<p style=\"margin: 0; color: #555; font-size: 15px;\">Empaca de forma inteligente, ligera y a prueba de fugas con <span style=\"color: #2563eb; font-weight: bold;\">botellas de silicona para viajes<\/span> que cumplan las normas de equipaje de mano de las aerol\u00edneas.<\/p>\n<\/header>\n<section style=\"margin: 16px 0;\">\n<h2 style=\"font-size: 20px; margin: 0 0 10px;\">\ud83c\udfc1 Visi\u00f3n general<\/h2>\n<p style=\"margin: 0 0 10px;\">En la actualidad <strong>botellas peque\u00f1as y exprimibles<\/strong> hacen que los art\u00edculos de aseo sean f\u00e1ciles, ordenados y aptos para la TSA. Nuestras botellas de viaje de silicona son suaves pero resistentes, a prueba de fugas y de tama\u00f1o adecuado para los controles de seguridad de los aeropuertos, perfectas para las vacaciones, los viajes de negocios, el camping o el gimnasio.<\/p>\n<\/section>\n<section style=\"margin: 16px 0;\">\n<h2 style=\"font-size: 20px; margin: 0 0 10px;\">\ud83c\udf0d \u00bfPor qu\u00e9 silicona?<\/h2>\n<p style=\"margin: 0 0 10px;\">A diferencia del pl\u00e1stico r\u00edgido, la silicona es suave, duradera y f\u00e1cil de apretar, para que puedas beber hasta la \u00faltima gota sin ensuciar. Es dura, resistente a las ca\u00eddas y c\u00f3moda en la mano.<\/p>\n<\/section>\n<section style=\"margin: 16px 0;\">\n<h2 style=\"font-size: 18px; margin: 0 0 6px;\">\ud83d\udec3 TSA Friendly<\/h2>\n<p style=\"margin: 0;\">Cada botella es <strong>Cumple la normativa TSA<\/strong> para l\u00edquidos de equipaje de mano. La capacidad est\u00e1 claramente dentro de los l\u00edmites para un control de seguridad sin complicaciones.<\/p>\n<\/section>\n<section style=\"margin: 16px 0;\">\n<h2 style=\"font-size: 20px; margin: 0 0 10px;\">Especificaciones del producto<\/h2>\n<div style=\"overflow-x: auto; margin-bottom: 1rem;\">\n<table style=\"width: 100%; border-collapse: collapse; font-size: 14px; margin-bottom: 10px;\">\n<thead>\n<tr style=\"background-color: #f4f4f4;\">\n<th style=\"border: 1px solid #ccc; padding: 8px;\">Art\u00edculo<\/th>\n<th style=\"border: 1px solid #ccc; padding: 8px;\">Detalles<\/th>\n<\/tr>\n<\/thead>\n<tbody>\n<tr>\n<td style=\"border: 1px solid #ccc; padding: 8px;\">Nombre del producto<\/td>\n<td style=\"border: 1px solid #ccc; padding: 8px;\">Botellas exprimibles peque\u00f1as<\/td>\n<\/tr>\n<tr>\n<td style=\"border: 1px solid #ccc; padding: 8px;\">Modelo<\/td>\n<td style=\"border: 1px solid #ccc; padding: 8px;\">S-GS002<\/td>\n<\/tr>\n<tr>\n<td style=\"border: 1px solid #ccc; padding: 8px;\">Material<\/td>\n<td style=\"border: 1px solid #ccc; padding: 8px;\">Silicona alimentaria (botella) + PP (tapa)<\/td>\n<\/tr>\n<tr>\n<td style=\"border: 1px solid #ccc; padding: 8px;\">Capacidad y tama\u00f1o<\/td>\n<td style=\"border: 1px solid #ccc; padding: 8px;\">60 ml<\/td>\n<\/tr>\n<tr>\n<td style=\"border: 1px solid #ccc; padding: 8px;\">Dimensiones<\/td>\n<td style=\"border: 1px solid #ccc; padding: 8px;\">42 \u00d7 42 \u00d7 76,9 mm<\/td>\n<\/tr>\n<tr>\n<td style=\"border: 1px solid #ccc; padding: 8px;\">Embalaje<\/td>\n<td style=\"border: 1px solid #ccc; padding: 8px;\">Bolsa OPP<\/td>\n<\/tr>\n<tr>\n<td style=\"border: 1px solid #ccc; padding: 8px;\">Peso<\/td>\n<td style=\"border: 1px solid #ccc; padding: 8px;\">30g<\/td>\n<\/tr>\n<tr>\n<td style=\"border: 1px solid #ccc; padding: 8px;\">Color<\/td>\n<td style=\"border: 1px solid #ccc; padding: 8px;\">Personalizable<\/td>\n<\/tr>\n<tr>\n<td style=\"border: 1px solid #ccc; padding: 8px;\">Caracter\u00edsticas<\/td>\n<td style=\"border: 1px solid #ccc; padding: 8px;\">A prueba de fugas, exprimible, rellenable, compacta, apta para viajes<\/td>\n<\/tr>\n<tr>\n<td style=\"border: 1px solid #ccc; padding: 8px;\">Opciones OEM<\/td>\n<td style=\"border: 1px solid #ccc; padding: 8px;\">Colores personalizados, impresi\u00f3n de logotipos, envasado, etiquetado<\/td>\n<\/tr>\n<\/tbody>\n<\/table>\n<\/div>\n<\/section>\n<section style=\"margin: 16px 0;\">\n<h2 style=\"font-size: 20px; margin: 0 0 10px;\">Caracter\u00edsticas principales<\/h2>\n<ul style=\"margin: 0; padding-left: 18px;\">\n<li style=\"margin: 6px 0;\"><span style=\"color: #16a34a; font-weight: bold;\">Estructura antigoteo<\/span> - Tap\u00f3n de 3 capas dise\u00f1ado para evitar fugas.<\/li>\n<li style=\"margin: 6px 0;\"><span style=\"color: #2563eb; font-weight: bold;\">Aprobado por la TSA<\/span> - Cumple con la normativa de equipaje de mano de 60 ml.<\/li>\n<li style=\"margin: 6px 0;\">Silicona de alta calidad, suave pero duradera, para una larga vida \u00fatil.<\/li>\n<li style=\"margin: 6px 0;\">Dise\u00f1o ligero: cada botella s\u00f3lo pesa 30 g.<\/li>\n<li style=\"margin: 6px 0;\">Rellenable y reutilizable: ecol\u00f3gico y econ\u00f3mico.<\/li>\n<li style=\"margin: 6px 0;\">OEM y personalizados: marcas, colores y embalajes disponibles.<\/li>\n<\/ul>\n<\/section>\n<section style=\"margin: 16px 0;\">\n<h2 style=\"font-size: 20px; margin: 0 0 10px;\">Aplicaciones<\/h2>\n<ul style=\"margin: 0; padding-left: 18px;\">\n<li style=\"margin: 6px 0;\">Champ\u00fa, acondicionador, loci\u00f3n, protector solar<\/li>\n<li style=\"margin: 6px 0;\">Jab\u00f3n l\u00edquido, desinfectante de manos, gel de ba\u00f1o<\/li>\n<li style=\"margin: 6px 0;\">Desde aceites esenciales hasta cremas y geles para la piel<\/li>\n<li style=\"margin: 6px 0;\">Ideal para viajes, hoteles, campings, equipos de gimnasia<\/li>\n<\/ul>\n<\/section>\n<section style=\"margin: 16px 0;\">\n<h2 style=\"font-size: 20px; margin: 0 0 10px;\">\ud83c\udfed Servicios OEM y de personalizaci\u00f3n<\/h2>\n<p style=\"margin: 0 0 8px;\">Ofrecemos soluciones OEM\/ODM completas -desde la selecci\u00f3n de materiales hasta la impresi\u00f3n del logotipo y el embalaje ecol\u00f3gico- adaptadas a su marca.<\/p>\n<ul style=\"margin: 0; padding-left: 18px;\">\n<li style=\"margin: 6px 0;\">\ud83c\udfa8 Impresi\u00f3n del logotipo: serigraf\u00eda, gofrado, l\u00e1ser<\/li>\n<li style=\"margin: 6px 0;\">\ud83c\udf08 Opciones de color: Pantone a juego disponible<\/li>\n<li style=\"margin: 6px 0;\">\ud83d\udce6 Embalaje: Bolsa OPP, caja de regalo, caja bl\u00edster.<\/li>\n<li style=\"margin: 6px 0;\">\ud83d\udd27 Tipos de tap\u00f3n: flip cap, pump cap, spray cap<\/li>\n<\/ul>\n<\/section>\n<section style=\"margin: 16px 0;\">\n<h2 style=\"font-size: 20px; margin: 0 0 10px;\">\ud83c\udf31 Elecci\u00f3n ecol\u00f3gica<\/h2>\n<p style=\"margin: 0;\">La silicona alimentaria sin BPA ayuda a reducir los pl\u00e1sticos de un solo uso. Seguro para cosm\u00e9ticos y l\u00edquidos, sin productos qu\u00edmicos t\u00f3xicos.<\/p>\n<\/section>\n<section style=\"margin: 16px 0;\">\n<h2 style=\"font-size: 20px; margin: 0 0 10px;\">\ud83d\ude80 Por qu\u00e9 te encantar\u00e1n<\/h2>\n<ul style=\"margin: 0; padding-left: 18px;\">\n<li style=\"margin: 6px 0;\">El dise\u00f1o aprobado por la TSA evita molestias en los aeropuertos<\/li>\n<li style=\"margin: 6px 0;\">C\u00f3modo de apretar: no se desperdician gotas ni salpicaduras<\/li>\n<li style=\"margin: 6px 0;\">Compacto, port\u00e1til y estanco<\/li>\n<li style=\"margin: 6px 0;\">Reutilizable durante a\u00f1os: ahorro frente a los desechables<\/li>\n<li style=\"margin: 6px 0;\">Las opciones personalizables a\u00f1aden valor de marca<\/li>\n<\/ul>\n<\/section>\n<section style=\"margin: 16px 0;\">\n<h2 style=\"font-size: 20px; margin: 0 0 10px;\">\ud83d\udce6 Embalaje y entrega<\/h2>\n<p style=\"margin: 0 0 8px;\">Cada botella va sellada individualmente en una bolsa OPP para mantenerla limpia y sin ara\u00f1azos durante el transporte. Los pedidos a granel pueden incluir envases personalizados con la marca para la venta al por menor.<\/p>\n<p style=\"margin: 0;\">La producci\u00f3n r\u00e1pida y el env\u00edo a todo el mundo garantizan un suministro fiable para programas de venta al por mayor y al por menor.<\/p>\n<\/section>\n<section style=\"margin: 16px 0;\">\n<h2 style=\"font-size: 20px; margin: 0 0 10px;\">\u2728 Conclusi\u00f3n<\/h2>\n<p style=\"margin: 0 0 8px;\">Para viajeros, minoristas y propietarios de marcas que buscan soluciones de aseo funcionales y personalizables, estas <strong>botellitas exprimibles<\/strong> son una opci\u00f3n de primera calidad, a prueba de fugas, ligera y respetuosa con el medio ambiente.<\/p>\n<p style=\"margin: 0;\"><span style=\"color: #16a34a; font-weight: bold;\">Elige inteligente. Elija ecol\u00f3gico. Elija botellas de viaje personalizables OEM.<\/span><\/p>\n<\/section>\n<\/section>","protected":false},"excerpt":{"rendered":"<p>Descubra los peque\u00f1os frascos exprimibles de silicona de alta calidad para viajes. Los envases de 60 ml a prueba de fugas aprobados por la TSA son perfectos para art\u00edculos de tocador, champ\u00fa y loci\u00f3n. Ligeros, rellenables y personalizables.<\/p>","protected":false},"featured_media":5630,"comment_status":"closed","ping_status":"closed","template":"","meta":{"_acf_changed":false},"product_brand":[],"product_cat":[49],"product_tag":[],"class_list":{"0":"post-5613","1":"product","2":"type-product","3":"status-publish","4":"has-post-thumbnail","6":"product_cat-silicone-materials","8":"first","9":"instock","10":"shipping-taxable","11":"product-type-grouped"},"acf":[],"_links":{"self":[{"href":"https:\/\/goldensoarpackage.com\/es\/wp-json\/wp\/v2\/product\/5613","targetHints":{"allow":["GET"]}}],"collection":[{"href":"https:\/\/goldensoarpackage.com\/es\/wp-json\/wp\/v2\/product"}],"about":[{"href":"https:\/\/goldensoarpackage.com\/es\/wp-json\/wp\/v2\/types\/product"}],"replies":[{"embeddable":true,"href":"https:\/\/goldensoarpackage.com\/es\/wp-json\/wp\/v2\/comments?post=5613"}],"wp:featuredmedia":[{"embeddable":true,"href":"https:\/\/goldensoarpackage.com\/es\/wp-json\/wp\/v2\/media\/5630"}],"wp:attachment":[{"href":"https:\/\/goldensoarpackage.com\/es\/wp-json\/wp\/v2\/media?parent=5613"}],"wp:term":[{"taxonomy":"product_brand","embeddable":true,"href":"https:\/\/goldensoarpackage.com\/es\/wp-json\/wp\/v2\/product_brand?post=5613"},{"taxonomy":"product_cat","embeddable":true,"href":"https:\/\/goldensoarpackage.com\/es\/wp-json\/wp\/v2\/product_cat?post=5613"},{"taxonomy":"product_tag","embeddable":true,"href":"https:\/\/goldensoarpackage.com\/es\/wp-json\/wp\/v2\/product_tag?post=5613"}],"curies":[{"name":"wp","href":"https:\/\/api.w.org\/{rel}","templated":true}]}}