{"id":5415,"date":"2025-08-15T08:30:53","date_gmt":"2025-08-15T08:30:53","guid":{"rendered":"https:\/\/goldensoarpackage.com\/?post_type=product&#038;p=5415"},"modified":"2025-08-19T10:01:25","modified_gmt":"2025-08-19T10:01:25","slug":"botella-de-metal-tapas-de-hojalata-twist-off-cap","status":"publish","type":"product","link":"https:\/\/goldensoarpackage.com\/es\/botella-de-metal-tapas-de-hojalata-twist-off-cap\/","title":{"rendered":"Twist-off Cap Tapas de Hojalata Enroscables para Conservas Botellas de Bebidas Condimentos en M\u00faltiples Tama\u00f1os con Cierre Seguro"},"content":{"rendered":"<section style=\"font-family: Arial, sans-serif; line-height: 1.6; color: #333; width: 100%; margin: auto;\">\n<header style=\"margin-bottom: 20px;\">\n<h1 style=\"font-size: 24px; margin-bottom: 10px;\">Tapas met\u00e1licas de hojalata - Tapas roscadas y de rosca<\/h1>\n<p style=\"margin-bottom: 15px;\">Este tap\u00f3n de botella met\u00e1lico cuenta con un dise\u00f1o de rosca\/rosca accesible para sellar con seguridad los productos en su interior.<br \/>\nFabricadas para tarros de conservas, botellas de bebidas y recipientes de condimentos, nuestras tapas est\u00e1n hechas de hojalata de alta calidad para ofrecer un sellado de alto nivel, robustez y un acabado est\u00e9tico limpio.<br \/>\nTanto si es productor de bebidas como de alimentos o aficionado a las conservas caseras, nuestros dise\u00f1os de rosca y rosca giratoria de cuatro garras ayudan a mantener el contenido fresco y seguro durante el transporte y el almacenamiento.<\/p>\n<\/header>\n<section style=\"margin-bottom: 25px;\">\n<h2 style=\"font-size: 20px; margin-bottom: 10px;\">\ud83d\udd39 Caracter\u00edsticas del tap\u00f3n roscado Outbest<\/h2>\n<ul style=\"padding-left: 20px; margin-bottom: 0;\">\n<li>Material: Hojalata de alta calidad para una larga vida \u00fatil y resistencia a la corrosi\u00f3n.<\/li>\n<li>Dise\u00f1os: A rosca o de cuatro garras para un cierre herm\u00e9tico.<\/li>\n<li>Tallas: M\u00faltiples modelos del 30# al 82#.<\/li>\n<li>Sello: Herm\u00e9tico, a prueba de humedad y que bloquea la frescura.<\/li>\n<li>Aplicaciones: Conservas, bebidas, salsas, etc.<\/li>\n<li>Etiquetado privado: Impresi\u00f3n del logotipo y personalizaci\u00f3n del color disponibles.<\/li>\n<\/ul>\n<\/section>\n<section style=\"margin-bottom: 25px;\">\n<h2 style=\"font-size: 20px; margin-bottom: 10px;\">Especificaciones del producto<\/h2>\n<table style=\"width: 100%; border-collapse: collapse; font-size: 14px; margin-bottom: 10px;\">\n<thead>\n<tr style=\"background-color: #f4f4f4;\">\n<th style=\"border: 1px solid #ccc; padding: 8px;\">Modelo de tapa<\/th>\n<th style=\"border: 1px solid #ccc; padding: 8px;\">Dimensiones exteriores de la tapa (\u00b10,15 mm)<\/th>\n<th style=\"border: 1px solid #ccc; padding: 8px;\">Dimensiones exteriores recomendadas de la rosca de la botella (\u00b10,15 mm)<\/th>\n<th style=\"border: 1px solid #ccc; padding: 8px;\">Altura de la tapa (\u00b10,30 mm)<\/th>\n<th style=\"border: 1px solid #ccc; padding: 8px;\">N\u00famero de garras<\/th>\n<\/tr>\n<\/thead>\n<tbody>\n<tr>\n<td style=\"border: 1px solid #ccc; padding: 8px;\">30#<\/td>\n<td style=\"border: 1px solid #ccc; padding: 8px;\">33.55<\/td>\n<td style=\"border: 1px solid #ccc; padding: 8px;\">28.60<\/td>\n<td style=\"border: 1px solid #ccc; padding: 8px;\">12.65<\/td>\n<td style=\"border: 1px solid #ccc; padding: 8px;\">3<\/td>\n<\/tr>\n<tr>\n<td style=\"border: 1px solid #ccc; padding: 8px;\">38#<\/td>\n<td style=\"border: 1px solid #ccc; padding: 8px;\">42.05<\/td>\n<td style=\"border: 1px solid #ccc; padding: 8px;\">37.10<\/td>\n<td style=\"border: 1px solid #ccc; padding: 8px;\">9.65<\/td>\n<td style=\"border: 1px solid #ccc; padding: 8px;\">3<\/td>\n<\/tr>\n<tr>\n<td style=\"border: 1px solid #ccc; padding: 8px;\">43#<\/td>\n<td style=\"border: 1px solid #ccc; padding: 8px;\">44.75<\/td>\n<td style=\"border: 1px solid #ccc; padding: 8px;\">40.40<\/td>\n<td style=\"border: 1px solid #ccc; padding: 8px;\">8.60<\/td>\n<td style=\"border: 1px solid #ccc; padding: 8px;\">4<\/td>\n<\/tr>\n<tr>\n<td style=\"border: 1px solid #ccc; padding: 8px;\">48#<\/td>\n<td style=\"border: 1px solid #ccc; padding: 8px;\">49.85<\/td>\n<td style=\"border: 1px solid #ccc; padding: 8px;\">45.50<\/td>\n<td style=\"border: 1px solid #ccc; padding: 8px;\">8.60<\/td>\n<td style=\"border: 1px solid #ccc; padding: 8px;\">4<\/td>\n<\/tr>\n<tr>\n<td style=\"border: 1px solid #ccc; padding: 8px;\">53#<\/td>\n<td style=\"border: 1px solid #ccc; padding: 8px;\">56.25<\/td>\n<td style=\"border: 1px solid #ccc; padding: 8px;\">51.90<\/td>\n<td style=\"border: 1px solid #ccc; padding: 8px;\">9.70<\/td>\n<td style=\"border: 1px solid #ccc; padding: 8px;\">4<\/td>\n<\/tr>\n<tr>\n<td style=\"border: 1px solid #ccc; padding: 8px;\">58#<\/td>\n<td style=\"border: 1px solid #ccc; padding: 8px;\">60.15<\/td>\n<td style=\"border: 1px solid #ccc; padding: 8px;\">55.80<\/td>\n<td style=\"border: 1px solid #ccc; padding: 8px;\">9.70<\/td>\n<td style=\"border: 1px solid #ccc; padding: 8px;\">4<\/td>\n<\/tr>\n<tr>\n<td style=\"border: 1px solid #ccc; padding: 8px;\">63#<\/td>\n<td style=\"border: 1px solid #ccc; padding: 8px;\">66.35<\/td>\n<td style=\"border: 1px solid #ccc; padding: 8px;\">62.05<\/td>\n<td style=\"border: 1px solid #ccc; padding: 8px;\">9.70<\/td>\n<td style=\"border: 1px solid #ccc; padding: 8px;\">4<\/td>\n<\/tr>\n<tr>\n<td style=\"border: 1px solid #ccc; padding: 8px;\">66#<\/td>\n<td style=\"border: 1px solid #ccc; padding: 8px;\">69.25<\/td>\n<td style=\"border: 1px solid #ccc; padding: 8px;\">64.95<\/td>\n<td style=\"border: 1px solid #ccc; padding: 8px;\">9.70<\/td>\n<td style=\"border: 1px solid #ccc; padding: 8px;\">4<\/td>\n<\/tr>\n<tr>\n<td style=\"border: 1px solid #ccc; padding: 8px;\">70#<\/td>\n<td style=\"border: 1px solid #ccc; padding: 8px;\">73.25<\/td>\n<td style=\"border: 1px solid #ccc; padding: 8px;\">68.95<\/td>\n<td style=\"border: 1px solid #ccc; padding: 8px;\">9.70<\/td>\n<td style=\"border: 1px solid #ccc; padding: 8px;\">4<\/td>\n<\/tr>\n<tr>\n<td style=\"border: 1px solid #ccc; padding: 8px;\">77#<\/td>\n<td style=\"border: 1px solid #ccc; padding: 8px;\">80.03<\/td>\n<td style=\"border: 1px solid #ccc; padding: 8px;\">75.73<\/td>\n<td style=\"border: 1px solid #ccc; padding: 8px;\">9.80<\/td>\n<td style=\"border: 1px solid #ccc; padding: 8px;\">6<\/td>\n<\/tr>\n<tr>\n<td style=\"border: 1px solid #ccc; padding: 8px;\">82#<\/td>\n<td style=\"border: 1px solid #ccc; padding: 8px;\">85.05<\/td>\n<td style=\"border: 1px solid #ccc; padding: 8px;\">80.75<\/td>\n<td style=\"border: 1px solid #ccc; padding: 8px;\">10.90<\/td>\n<td style=\"border: 1px solid #ccc; padding: 8px;\">6<\/td>\n<\/tr>\n<\/tbody>\n<\/table>\n<p style=\"font-size: 13px; color: #555;\">Nota: Los valores anteriores tienen el formato proporcionado. Si necesita un dibujo de ingenier\u00eda finalizado o el n\u00famero exacto de garras, compru\u00e9belo con las especificaciones de su botella\/cuello de garrafa.<\/p>\n<\/section>\n<section style=\"margin-bottom: 25px;\">\n<h2 style=\"font-size: 20px; margin-bottom: 10px;\">\ud83c\udf1f \u00bfPor qu\u00e9 nuestro tap\u00f3n Twist-off?<\/h2>\n<p>Nuestros tapones roscados est\u00e1n dise\u00f1ados para un giro suave, una rosca consistente y una presi\u00f3n de sellado fiable. La construcci\u00f3n de hojalata mejora la resistencia a la corrosi\u00f3n para contenidos \u00e1cidos y no \u00e1cidos. La amplia personalizaci\u00f3n -colores, logotipos impresos y relieve- ayuda a que su envase destaque en las estanter\u00edas sin perder rendimiento.<\/p>\n<\/section>\n<section style=\"margin-bottom: 25px;\">\n<h2 style=\"font-size: 20px; margin-bottom: 10px;\">Aplicaciones<\/h2>\n<ul style=\"padding-left: 20px;\">\n<li>Sellado de tarros de cristal industriales y de conservas dom\u00e9sticas<\/li>\n<li>L\u00edneas de embotellado de zumos, cerveza y bebidas gaseosas<\/li>\n<li>Envasado de salsas, mermeladas, miel y siropes<\/li>\n<li>Sellado de productos cosm\u00e9ticos y de cuidado personal<\/li>\n<\/ul>\n<\/section>\n<section style=\"margin-bottom: 25px;\">\n<h2 style=\"font-size: 20px; margin-top: 10px;\">\ud83d\udca1 Twist-off Cap - Ventajas<\/h2>\n<ul style=\"padding-left: 20px;\">\n<li>Vida \u00fatil m\u00e1s larga: El cierre herm\u00e9tico protege de la oxidaci\u00f3n y los contaminantes.<\/li>\n<li>No se derrama durante el transporte: El ajuste ce\u00f1ido ayuda a evitar las fugas.<\/li>\n<li>Comodidad: F\u00e1cil de enroscar y desenroscar.<\/li>\n<li>Marca: Los acabados personalizados refuerzan la presencia y el reconocimiento en los estantes.<\/li>\n<\/ul>\n<\/section>\n<section style=\"margin-bottom: 25px;\">\n<h2 style=\"font-size: 20px; margin-bottom: 10px;\">\ud83d\udd0d Elegir el tama\u00f1o adecuado<\/h2>\n<p>Nuestra serie abarca una amplia gama de di\u00e1metros y estilos para adaptarse a diversos cuellos de botellas y tarros. Para una adaptaci\u00f3n perfecta, compare las dimensiones de rosca exterior recomendadas con las especificaciones de su envase.<\/p>\n<\/section>\n<section style=\"margin-bottom: 25px;\">\n<h2 style=\"font-size: 20px; margin-bottom: 10px;\">\ud83c\udf3f Sostenibilidad<\/h2>\n<p>Damos prioridad a la producci\u00f3n respetuosa con el medio ambiente. La hojalata es 100% reciclable, lo que contribuye a un ciclo de vida de los envases m\u00e1s sostenible.<\/p>\n<\/section>\n<section style=\"margin-bottom: 25px;\">\n<h2 style=\"font-size: 20px; margin-bottom: 10px;\">\ud83d\udce6 Embalaje y suministro<\/h2>\n<p>El embalaje de cart\u00f3n a prueba de humedad protege cada env\u00edo. Apoyamos tanto las l\u00edneas de producci\u00f3n de gran volumen como las operaciones artesanales\/dom\u00e9sticas m\u00e1s peque\u00f1as con MOQ flexibles.<\/p>\n<\/section>\n<section>\n<h2 style=\"font-size: 20px; margin-bottom: 10px;\">\ud83d\ude80 Resumen<\/h2>\n<p>Una soluci\u00f3n fiable y vers\u00e1til para sellar botellas y tarros, disponible en varios tama\u00f1os y configuraciones para uso comercial y dom\u00e9stico. Elija nuestros tapones de rosca met\u00e1licos para obtener una calidad constante, un sellado resistente y una personalizaci\u00f3n de marca.<\/p>\n<\/section>\n<\/section>\n<p><img decoding=\"async\" class=\"size-full wp-image-5363\" src=\"https:\/\/goldensoarpackage.com\/wp-content\/uploads\/2025\/07\/\u5fae\u4fe1\u56fe\u7247_20250815142437_459.jpg\" alt=\"tapas de tarro twist off\" width=\"1200\" height=\"1200\" srcset=\"https:\/\/goldensoarpackage.com\/wp-content\/uploads\/2025\/07\/\u5fae\u4fe1\u56fe\u7247_20250815142437_459.jpg 1200w, https:\/\/goldensoarpackage.com\/wp-content\/uploads\/2025\/07\/\u5fae\u4fe1\u56fe\u7247_20250815142437_459-300x300.jpg 300w, https:\/\/goldensoarpackage.com\/wp-content\/uploads\/2025\/07\/\u5fae\u4fe1\u56fe\u7247_20250815142437_459-1024x1024.jpg 1024w, https:\/\/goldensoarpackage.com\/wp-content\/uploads\/2025\/07\/\u5fae\u4fe1\u56fe\u7247_20250815142437_459-150x150.jpg 150w, https:\/\/goldensoarpackage.com\/wp-content\/uploads\/2025\/07\/\u5fae\u4fe1\u56fe\u7247_20250815142437_459-768x768.jpg 768w, https:\/\/goldensoarpackage.com\/wp-content\/uploads\/2025\/07\/\u5fae\u4fe1\u56fe\u7247_20250815142437_459-100x100.jpg 100w\" sizes=\"(max-width: 1200px) 100vw, 1200px\" \/><\/p>\n<p><img decoding=\"async\" class=\"size-full wp-image-5327\" src=\"https:\/\/goldensoarpackage.com\/wp-content\/uploads\/2025\/07\/\u5fae\u4fe1\u56fe\u7247_20250814155706_417-1.jpg\" alt=\"tapas twist off para tarros\" width=\"1200\" height=\"1200\" srcset=\"https:\/\/goldensoarpackage.com\/wp-content\/uploads\/2025\/07\/\u5fae\u4fe1\u56fe\u7247_20250814155706_417-1.jpg 1200w, https:\/\/goldensoarpackage.com\/wp-content\/uploads\/2025\/07\/\u5fae\u4fe1\u56fe\u7247_20250814155706_417-1-300x300.jpg 300w, https:\/\/goldensoarpackage.com\/wp-content\/uploads\/2025\/07\/\u5fae\u4fe1\u56fe\u7247_20250814155706_417-1-1024x1024.jpg 1024w, https:\/\/goldensoarpackage.com\/wp-content\/uploads\/2025\/07\/\u5fae\u4fe1\u56fe\u7247_20250814155706_417-1-150x150.jpg 150w, https:\/\/goldensoarpackage.com\/wp-content\/uploads\/2025\/07\/\u5fae\u4fe1\u56fe\u7247_20250814155706_417-1-768x768.jpg 768w, https:\/\/goldensoarpackage.com\/wp-content\/uploads\/2025\/07\/\u5fae\u4fe1\u56fe\u7247_20250814155706_417-1-100x100.jpg 100w\" sizes=\"(max-width: 1200px) 100vw, 1200px\" \/><\/p>","protected":false},"excerpt":{"rendered":"<p>Duraderas tapas de hojalata con tap\u00f3n giratorio dise\u00f1adas para sellar de forma segura tarros de conserva, botellas de bebidas y recipientes de condimentos. Disponibles en varios tama\u00f1os para el envasado de alimentos y bebidas, garantizan la frescura y evitan las fugas.<\/p>","protected":false},"featured_media":5609,"comment_status":"closed","ping_status":"closed","template":"","meta":{"_acf_changed":false},"product_brand":[],"product_cat":[43],"product_tag":[],"class_list":{"0":"post-5415","1":"product","2":"type-product","3":"status-publish","4":"has-post-thumbnail","6":"product_cat-tinplate-materials","8":"first","9":"instock","10":"shipping-taxable","11":"product-type-simple"},"acf":[],"_links":{"self":[{"href":"https:\/\/goldensoarpackage.com\/es\/wp-json\/wp\/v2\/product\/5415","targetHints":{"allow":["GET"]}}],"collection":[{"href":"https:\/\/goldensoarpackage.com\/es\/wp-json\/wp\/v2\/product"}],"about":[{"href":"https:\/\/goldensoarpackage.com\/es\/wp-json\/wp\/v2\/types\/product"}],"replies":[{"embeddable":true,"href":"https:\/\/goldensoarpackage.com\/es\/wp-json\/wp\/v2\/comments?post=5415"}],"wp:featuredmedia":[{"embeddable":true,"href":"https:\/\/goldensoarpackage.com\/es\/wp-json\/wp\/v2\/media\/5609"}],"wp:attachment":[{"href":"https:\/\/goldensoarpackage.com\/es\/wp-json\/wp\/v2\/media?parent=5415"}],"wp:term":[{"taxonomy":"product_brand","embeddable":true,"href":"https:\/\/goldensoarpackage.com\/es\/wp-json\/wp\/v2\/product_brand?post=5415"},{"taxonomy":"product_cat","embeddable":true,"href":"https:\/\/goldensoarpackage.com\/es\/wp-json\/wp\/v2\/product_cat?post=5415"},{"taxonomy":"product_tag","embeddable":true,"href":"https:\/\/goldensoarpackage.com\/es\/wp-json\/wp\/v2\/product_tag?post=5415"}],"curies":[{"name":"wp","href":"https:\/\/api.w.org\/{rel}","templated":true}]}}