{"id":5311,"date":"2025-08-14T02:48:15","date_gmt":"2025-08-14T02:48:15","guid":{"rendered":"https:\/\/goldensoarpackage.com\/?post_type=product&#038;p=5311"},"modified":"2025-10-13T03:14:09","modified_gmt":"2025-10-13T03:14:09","slug":"latas-de-atun-vacias-redondas-de-hojalata-con-tapa","status":"publish","type":"product","link":"https:\/\/goldensoarpackage.com\/es\/latas-de-atun-vacias-redondas-de-hojalata-con-tapa\/","title":{"rendered":"Redondo de hierro de dos piezas latas vac\u00edas de at\u00fan con tapas 170g hojalata de calidad alimentaria para la sardina y el at\u00fan de embalaje OEM"},"content":{"rendered":"<section style=\"font-family: Arial, sans-serif; line-height: 1.6; color: #333; width: 100%; margin: auto;\">\n<header style=\"margin-bottom: 20px;\">\n<h1 style=\"font-size: 24px; margin-bottom: 10px;\">Latas de at\u00fan vac\u00edas de 170 g con tapa para envasar sardinas y at\u00fan - Lata redonda de dos piezas de hierro de calidad alimentaria<\/h1>\n<p style=\"margin-bottom: 15px;\">Hay 3 cosas realmente importantes a la hora de envasar y conservar el marisco: <strong>seguridad, frescura y durabilidad<\/strong>. Nuestra gama de latas de dos piezas, fabricadas con hojalata certificada para uso alimentario, cumple los estrictos requisitos de las industrias del envasado de at\u00fan, sardinas y otros mariscos. Contamos con la confianza de marcas alimentarias de todo el mundo y m\u00e1s de una d\u00e9cada de experiencia en personalizaci\u00f3n OEM.<\/p>\n<\/header>\n<section style=\"margin-bottom: 25px;\">\n<h2 style=\"font-size: 20px; margin-bottom: 10px;\">Especificaciones disponibles<\/h2>\n<table style=\"width: 100%; border-collapse: collapse; font-size: 14px; margin-bottom: 10px;\">\n<thead>\n<tr style=\"background-color: #f4f4f4;\">\n<th style=\"border: 1px solid #ccc; padding: 8px;\">C\u00f3digo<\/th>\n<th style=\"border: 1px solid #ccc; padding: 8px;\">Tama\u00f1o (mm)<\/th>\n<th style=\"border: 1px solid #ccc; padding: 8px;\">Tama\u00f1o (pulgadas)<\/th>\n<\/tr>\n<\/thead>\n<tbody>\n<tr>\n<td style=\"border: 1px solid #ccc; padding: 8px;\">536<\/td>\n<td style=\"border: 1px solid #ccc; padding: 8px;\">52,3\u00d736 mm<\/td>\n<td style=\"border: 1px solid #ccc; padding: 8px;\">202\u00d7108<\/td>\n<\/tr>\n<tr>\n<td style=\"border: 1px solid #ccc; padding: 8px;\">639<\/td>\n<td style=\"border: 1px solid #ccc; padding: 8px;\">65,3\u00d739 mm<\/td>\n<td style=\"border: 1px solid #ccc; padding: 8px;\">211\u00d7109<\/td>\n<\/tr>\n<tr>\n<td style=\"border: 1px solid #ccc; padding: 8px;\">732<\/td>\n<td style=\"border: 1px solid #ccc; padding: 8px;\">72,9\u00d732 mm<\/td>\n<td style=\"border: 1px solid #ccc; padding: 8px;\">300\u00d7104<\/td>\n<\/tr>\n<tr>\n<td style=\"border: 1px solid #ccc; padding: 8px;\">740<\/td>\n<td style=\"border: 1px solid #ccc; padding: 8px;\">72,9\u00d740 mm<\/td>\n<td style=\"border: 1px solid #ccc; padding: 8px;\">300\u00d7109<\/td>\n<\/tr>\n<tr>\n<td style=\"border: 1px solid #ccc; padding: 8px;\">753<\/td>\n<td style=\"border: 1px solid #ccc; padding: 8px;\">72,9\u00d753 mm<\/td>\n<td style=\"border: 1px solid #ccc; padding: 8px;\">300\u00d7201<\/td>\n<\/tr>\n<tr>\n<td style=\"border: 1px solid #ccc; padding: 8px;\">757<\/td>\n<td style=\"border: 1px solid #ccc; padding: 8px;\">72,9\u00d757 mm<\/td>\n<td style=\"border: 1px solid #ccc; padding: 8px;\">300\u00d7204<\/td>\n<\/tr>\n<tr>\n<td style=\"border: 1px solid #ccc; padding: 8px;\">838<\/td>\n<td style=\"border: 1px solid #ccc; padding: 8px;\">83,3\u00d738 mm<\/td>\n<td style=\"border: 1px solid #ccc; padding: 8px;\">307\u00d7108<\/td>\n<\/tr>\n<tr>\n<td style=\"border: 1px solid #ccc; padding: 8px;\">846<\/td>\n<td style=\"border: 1px solid #ccc; padding: 8px;\">83,3\u00d746 mm<\/td>\n<td style=\"border: 1px solid #ccc; padding: 8px;\">307\u00d7113<\/td>\n<\/tr>\n<tr>\n<td style=\"border: 1px solid #ccc; padding: 8px;\">854<\/td>\n<td style=\"border: 1px solid #ccc; padding: 8px;\">83,3\u00d754 mm<\/td>\n<td style=\"border: 1px solid #ccc; padding: 8px;\">307\u00d7201<\/td>\n<\/tr>\n<tr>\n<td style=\"border: 1px solid #ccc; padding: 8px;\">946<\/td>\n<td style=\"border: 1px solid #ccc; padding: 8px;\">98,9\u00d746 mm<\/td>\n<td style=\"border: 1px solid #ccc; padding: 8px;\">401\u00d7113<\/td>\n<\/tr>\n<\/tbody>\n<\/table>\n<\/section>\n<section style=\"margin-bottom: 25px;\">\n<h2 style=\"font-size: 20px; margin-bottom: 10px;\">\ud83d\udd39 Caracter\u00edsticas principales - Latas de at\u00fan vac\u00edas con tapa.<\/h2>\n<ul style=\"padding-left: 20px;\">\n<li>\u2705 Seguro para alimentos - Hecho de hojalata de grado alimentario 100% aprobado por la FDA duradera.<\/li>\n<li>Cierre herm\u00e9tico: la tecnolog\u00eda fresh-tap\u00ae garantiza que el ox\u00edgeno y la humedad se mantengan fuera, conservando la frescura durante m\u00e1s tiempo.<\/li>\n<li>Resistencia anticorrosi\u00f3n - Revestimiento antioxidante aplicado tanto en el exterior como en el interior.<\/li>\n<li>Dise\u00f1o de bid\u00f3n de dos piezas - Construcci\u00f3n sin costuras para mayor resistencia e higiene.<\/li>\n<li>\u2705 OEM Personalizado - Tama\u00f1os, impresiones y estilos de tapa disponibles.<\/li>\n<\/ul>\n<\/section>\n<section style=\"margin-bottom: 25px;\">\n<h2 style=\"font-size: 20px; margin-bottom: 10px;\">\ud83d\udc1f Usos<\/h2>\n<ul style=\"padding-left: 20px;\">\n<li>Marisco: At\u00fan, mejillones, sardinas, arenque, caballa, salm\u00f3n<\/li>\n<li>Carne en conserva: pollo, cerdo, ternera<\/li>\n<li>Conservas de verduras y frutas<\/li>\n<li>Platos preparados y sopas<\/li>\n<li>Comida h\u00fameda para mascotas<\/li>\n<\/ul>\n<\/section>\n<section style=\"margin-bottom: 25px;\">\n<h2 style=\"font-size: 20px; margin-bottom: 10px;\">\ud83d\udee0 Servicios OEM y de personalizaci\u00f3n<\/h2>\n<ul style=\"padding-left: 20px;\">\n<li>Di\u00e1metros, alturas y capacidades a medida<\/li>\n<li>Logotipo de la marca, impresi\u00f3n a todo color en CMYK o tintas planas<\/li>\n<li>Opciones de tapa: Easy Open End (EOE), pull tab, o con costura<\/li>\n<li>Barnices protectores para interior y exterior<\/li>\n<li>Entrega r\u00e1pida en todo el mundo<\/li>\n<\/ul>\n<\/section>\n<section style=\"margin-bottom: 25px;\">\n<h2 style=\"font-size: 20px; margin-bottom: 10px;\">\ud83c\udfed Proceso de producci\u00f3n y control de calidad<\/h2>\n<ul style=\"padding-left: 20px;\">\n<li>100% hojalata alimentaria<\/li>\n<li>Proceso de embutici\u00f3n profunda para una higiene y resistencia sin costuras<\/li>\n<li>Sin \u00f3xido ni compuestos contaminantes<\/li>\n<li>Impresi\u00f3n digital ecol\u00f3gica<\/li>\n<li>Precisi\u00f3n de sellado y ajuste de la tapa<\/li>\n<li>Comprobaci\u00f3n por lotes de las dimensiones, el revestimiento y la integridad del sellado<\/li>\n<\/ul>\n<\/section>\n<section style=\"margin-bottom: 25px;\">\n<h2 style=\"font-size: 20px; margin-bottom: 10px;\">\ud83d\udcaa Ventajas del dise\u00f1o de latas de dos piezas<\/h2>\n<ul style=\"padding-left: 20px;\">\n<li>Sin costura lateral: estructura m\u00e1s s\u00f3lida<\/li>\n<li>F\u00e1cil de limpiar e higi\u00e9nico<\/li>\n<li>\u2705 Mejor apilado y transporte m\u00e1s seguro<\/li>\n<li>Aspecto elegante y de calidad para un mayor atractivo en las estanter\u00edas<\/li>\n<\/ul>\n<\/section>\n<section style=\"margin-bottom: 25px;\">\n<h2 style=\"font-size: 20px; margin-bottom: 10px;\">\ud83c\udf7d Seguridad y frescura de los alimentos<\/h2>\n<p>Nuestras latas conservan el sabor, la textura y los nutrientes originales, manteniendo la frescura de la f\u00e1brica a la mesa sin romper el cierre herm\u00e9tico.<\/p>\n<\/section>\n<section style=\"margin-bottom: 25px;\">\n<h2 style=\"font-size: 20px; margin-bottom: 10px;\">\ud83c\udf3f Compromiso ecol\u00f3gico<\/h2>\n<p>Hojalata reciclable 100% con p\u00e9rdida de calidad cero, que apoya una econom\u00eda circular y reduce el impacto medioambiental.<\/p>\n<\/section>\n<section style=\"margin-bottom: 25px;\">\n<h2 style=\"font-size: 20px; margin-bottom: 10px;\">\ud83d\udce6 Embalaje y entrega<\/h2>\n<ul style=\"padding-left: 20px;\">\n<li>Envasado en cajas de cart\u00f3n a granel o paletizado<\/li>\n<li>Env\u00edos: Mar\u00edtimo, a\u00e9reo o urgente (DHL, TNT, UPS, FedEx)<\/li>\n<li>Plazo de entrega: Normalmente de 15 a 30 d\u00edas para dise\u00f1os personalizados<\/li>\n<\/ul>\n<\/section>\n<section>\n<h2 style=\"font-size: 20px; margin-bottom: 10px;\">Conclusi\u00f3n<\/h2>\n<p>Nuestras latas de at\u00fan vac\u00edas de 2 piezas con tapa ofrecen la m\u00e1xima calidad, seguridad y personalizaci\u00f3n para sardinas, at\u00fan y otros productos alimentarios. Con m\u00e1s de 10 a\u00f1os de experiencia OEM, nos aseguramos de que cada lata cumpla los est\u00e1ndares de marca y rendimiento.<br \/>\nDise\u00f1ado por dentro y por fuera para la excelencia, manteniendo los productos frescos, seguros y listos para el mercado.<\/p>\n<\/section>\n<\/section>","protected":false},"excerpt":{"rendered":"<p>Latas de dos piezas de 170 g de calidad alimentaria y latas de at\u00fan vac\u00edas con tapa fabricadas con hojalata duradera. Disponibles en varios tama\u00f1os, perfectas para el envasado de sardinas y at\u00fan, con cierre herm\u00e9tico, personalizaci\u00f3n OEM y m\u00e1s de 10 a\u00f1os de experiencia en fabricaci\u00f3n.<\/p>","protected":false},"featured_media":9111,"comment_status":"closed","ping_status":"closed","template":"","meta":{"_acf_changed":false},"product_brand":[],"product_cat":[43],"product_tag":[],"class_list":{"0":"post-5311","1":"product","2":"type-product","3":"status-publish","4":"has-post-thumbnail","6":"product_cat-tinplate-materials","8":"first","9":"instock","10":"shipping-taxable","11":"product-type-grouped"},"acf":[],"_links":{"self":[{"href":"https:\/\/goldensoarpackage.com\/es\/wp-json\/wp\/v2\/product\/5311","targetHints":{"allow":["GET"]}}],"collection":[{"href":"https:\/\/goldensoarpackage.com\/es\/wp-json\/wp\/v2\/product"}],"about":[{"href":"https:\/\/goldensoarpackage.com\/es\/wp-json\/wp\/v2\/types\/product"}],"replies":[{"embeddable":true,"href":"https:\/\/goldensoarpackage.com\/es\/wp-json\/wp\/v2\/comments?post=5311"}],"wp:featuredmedia":[{"embeddable":true,"href":"https:\/\/goldensoarpackage.com\/es\/wp-json\/wp\/v2\/media\/9111"}],"wp:attachment":[{"href":"https:\/\/goldensoarpackage.com\/es\/wp-json\/wp\/v2\/media?parent=5311"}],"wp:term":[{"taxonomy":"product_brand","embeddable":true,"href":"https:\/\/goldensoarpackage.com\/es\/wp-json\/wp\/v2\/product_brand?post=5311"},{"taxonomy":"product_cat","embeddable":true,"href":"https:\/\/goldensoarpackage.com\/es\/wp-json\/wp\/v2\/product_cat?post=5311"},{"taxonomy":"product_tag","embeddable":true,"href":"https:\/\/goldensoarpackage.com\/es\/wp-json\/wp\/v2\/product_tag?post=5311"}],"curies":[{"name":"wp","href":"https:\/\/api.w.org\/{rel}","templated":true}]}}