{"id":5419,"date":"2025-08-15T09:46:39","date_gmt":"2025-08-15T09:46:39","guid":{"rendered":"https:\/\/goldensoarpackage.com\/?post_type=product&#038;p=5419"},"modified":"2025-08-21T02:34:13","modified_gmt":"2025-08-21T02:34:13","slug":"%d8%ad%d8%a7%d9%88%d9%8a%d8%a9-%d8%a3%d8%af%d9%88%d8%a7%d8%aa-%d8%a7%d9%84%d8%b2%d9%8a%d9%86%d8%a9-%d9%84%d9%84%d8%b3%d9%81%d8%b1-%d9%85%d9%86-%d8%a7%d9%84%d8%b3%d9%8a%d9%84%d9%8a%d9%83%d9%88%d9%86","status":"publish","type":"product","link":"https:\/\/goldensoarpackage.com\/ar\/%d8%ad%d8%a7%d9%88%d9%8a%d8%a9-%d8%a3%d8%af%d9%88%d8%a7%d8%aa-%d8%a7%d9%84%d8%b2%d9%8a%d9%86%d8%a9-%d9%84%d9%84%d8%b3%d9%81%d8%b1-%d9%85%d9%86-%d8%a7%d9%84%d8%b3%d9%8a%d9%84%d9%8a%d9%83%d9%88%d9%86\/","title":{"rendered":"\u0632\u062c\u0627\u062c\u0627\u062a \u0633\u064a\u0644\u064a\u0643\u0648\u0646 \u0644\u0644\u0633\u0641\u0631 60 \u0645\u0644 \u0645\u0646 \u0639\u0628\u0648\u0627\u062a \u0623\u062f\u0648\u0627\u062a \u0627\u0644\u0632\u064a\u0646\u0629 \u0627\u0644\u0645\u062d\u0645\u0648\u0644\u0629 \u0644\u0644\u0633\u0641\u0631 \u0628\u062d\u062c\u0645 60 \u0645\u0644 \u0648\u0627\u0644\u062e\u0627\u0644\u064a\u0629 \u0645\u0646 \u0645\u0627\u062f\u0629 BPA \u0644\u063a\u0633\u0648\u0644 \u0627\u0644\u0634\u0627\u0645\u0628\u0648 \u0648\u0627\u0644\u0628\u0644\u0633\u0645"},"content":{"rendered":"<section class=\"product-card\" style=\"font-family: Arial,Helvetica,sans-serif; line-height: 1.6; color: #111;\">\n<header style=\"text-align: center; margin-bottom: 1rem;\">\n<h1 style=\"font-size: 1.8rem; margin: 0.2rem 0;\">\u0639\u0628\u0648\u0627\u062a \u0645\u062d\u0645\u0648\u0644\u0629 \u0645\u0646 \u0627\u0644\u0633\u064a\u0644\u064a\u0643\u0648\u0646 \u0644\u0644\u0633\u0641\u0631 60 \u0645\u0644 \u0645\u0646 \u0639\u0628\u0648\u0627\u062a \u0623\u062f\u0648\u0627\u062a \u0627\u0644\u0632\u064a\u0646\u0629 \u0627\u0644\u0642\u0627\u0628\u0644\u0629 \u0644\u0625\u0639\u0627\u062f\u0629 \u0627\u0644\u0645\u0644\u0621 \u0627\u0644\u062e\u0627\u0644\u064a\u0629 \u0645\u0646 \u0645\u0627\u062f\u0629 BPA<\/h1>\n<p style=\"margin: 0; font-size: 1rem; color: #555;\">\u0623\u0635\u0628\u062d \u0627\u0644\u0633\u0641\u0631 \u0644\u0644\u0639\u0646\u0627\u064a\u0629 \u0627\u0644\u0634\u062e\u0635\u064a\u0629 \u0623\u062b\u0646\u0627\u0621 \u0627\u0644\u062a\u0646\u0642\u0644 \u0633\u0647\u0644\u0627\u064b \u0645\u0639 \u0632\u062c\u0627\u062c\u0627\u062a \u0627\u0644\u0633\u064a\u0644\u064a\u0643\u0648\u0646 \u0644\u0644\u0633\u0641\u0631 \u0633\u0639\u0629 60 \u0645\u0644<\/p>\n<\/header>\n<p style=\"margin: 1rem 0;\">\u0635\u064f\u0646\u0639\u062a \u0647\u0630\u0647 \u0627\u0644\u0632\u062c\u0627\u062c\u0627\u062a \u0645\u0646 \u0627\u0644\u0633\u064a\u0644\u064a\u0643\u0648\u0646 \u0627\u0644\u0645\u0635\u0646\u0648\u0639 \u0645\u0646 \u0627\u0644\u0633\u064a\u0644\u064a\u0643\u0648\u0646 \u0627\u0644\u0645\u062e\u0635\u0635 \u0644\u0644\u0637\u0639\u0627\u0645 \u0648\u0623\u063a\u0637\u064a\u0629 PP \u0627\u0644\u062f\u0642\u064a\u0642\u0629\u060c \u0648\u0647\u064a \u062a\u0648\u0641\u0631 \u0623\u062f\u0627\u0621\u064b \u0645\u0627\u0646\u0639\u064b\u0627 \u0644\u0644\u062a\u0633\u0631\u0628 \u0648\u0635\u062f\u064a\u0642\u0629 \u0644\u0644\u0628\u064a\u0626\u0629 \u0648\u0642\u0627\u0628\u0644\u0629 \u0644\u0625\u0639\u0627\u062f\u0629 \u0627\u0644\u0627\u0633\u062a\u062e\u062f\u0627\u0645. \u0645\u062b\u0627\u0644\u064a\u0629 \u0644\u0644\u0633\u0641\u0631 \u0623\u0648 \u0635\u0627\u0644\u0629 \u0627\u0644\u0623\u0644\u0639\u0627\u0628 \u0627\u0644\u0631\u064a\u0627\u0636\u064a\u0629 \u0623\u0648 \u0644\u0644\u0627\u0633\u062a\u062e\u062f\u0627\u0645 \u0627\u0644\u064a\u0648\u0645\u064a\u060c \u0641\u0647\u064a \u062a\u062d\u0627\u0641\u0638 \u0639\u0644\u0649 \u0627\u0644\u0634\u0627\u0645\u0628\u0648 \u0623\u0648 \u0627\u0644\u0628\u0644\u0633\u0645 \u0623\u0648 \u0627\u0644\u063a\u0633\u0648\u0644 \u0623\u0648 \u0627\u0644\u0645\u0646\u0638\u0641 \u0628\u0623\u0645\u0627\u0646.<\/p>\n<h2 style=\"font-size: 1.25rem; margin: 1.2rem 0 0.5rem;\">\ud83c\udf1f \u0627\u0644\u0645\u064a\u0632\u0627\u062a \u0627\u0644\u0631\u0626\u064a\u0633\u064a\u0629<\/h2>\n<ul style=\"margin: 0 0 1rem 1.2rem;\">\n<li><strong>\u0633\u064a\u0644\u064a\u0643\u0648\u0646 \u0646\u0642\u064a:<\/strong> \u062f\u0631\u062c\u0629 \u0637\u0639\u0627\u0645 \u0645\u0645\u062a\u0627\u0632\u0629 \u0648\u062e\u0627\u0644\u064a\u0629 \u0645\u0646 \u0645\u0627\u062f\u0629 BPA \u0648\u0622\u0645\u0646\u0629 \u0648\u0646\u0627\u0639\u0645\u0629 \u0627\u0644\u0645\u0644\u0645\u0633 \u0648\u0635\u062f\u064a\u0642\u0629 \u0644\u0644\u0628\u064a\u0626\u0629 \u0644\u0644\u0639\u0646\u0627\u064a\u0629 \u0627\u0644\u0634\u062e\u0635\u064a\u0629.<\/li>\n<li><strong>\u0623\u063a\u0637\u064a\u0629 \u0645\u062a\u064a\u0646\u0629 \u0645\u0635\u0646\u0648\u0639\u0629 \u0645\u0646 \u0627\u0644\u0628\u0648\u0644\u064a \u0628\u0631\u0648\u0628\u0644\u064a\u0646 \u0645\u062a\u0639\u062f\u062f \u0627\u0644\u0623\u063a\u0637\u064a\u0629:<\/strong> \u0623\u063a\u0637\u064a\u0629 \u0645\u062d\u0643\u0645\u0629 \u0648\u0645\u0627\u0646\u0639\u0629 \u0644\u0644\u062a\u0633\u0631\u0628 \u062a\u0645\u0646\u0639 \u0627\u0644\u0627\u0646\u0633\u0643\u0627\u0628\u0627\u062a.<\/li>\n<li><strong>\u062d\u062c\u0645 \u0627\u0644\u0633\u0641\u0631 60 \u0645\u0644 (50 \u00d7 45 \u00d7 72.9 \u0645\u0645):<\/strong> \u0645\u062a\u0648\u0627\u0641\u0642 \u0645\u0639 \u0644\u0648\u0627\u0626\u062d \u062d\u0645\u0644 \u0627\u0644\u062d\u0642\u0627\u0626\u0628 \u0641\u064a \u0634\u0631\u0643\u0627\u062a \u0627\u0644\u0637\u064a\u0631\u0627\u0646.<\/li>\n<li><strong>\u062c\u0633\u0645 \u0642\u0627\u0628\u0644 \u0644\u0644\u0639\u0635\u0631:<\/strong> \u0635\u0631\u0641 \u0645\u062a\u062d\u0643\u0645 \u0641\u064a\u0647 \u0628\u0623\u0642\u0644 \u0642\u062f\u0631 \u0645\u0646 \u0627\u0644\u0647\u062f\u0631.<\/li>\n<li><strong>\u0627\u0644\u062d\u062f \u0645\u0646 \u0627\u0644\u0645\u0648\u0627\u062f \u0627\u0644\u0628\u0644\u0627\u0633\u062a\u064a\u0643\u064a\u0629 \u0623\u062d\u0627\u062f\u064a\u0629 \u0627\u0644\u0627\u0633\u062a\u062e\u062f\u0627\u0645:<\/strong> \u0642\u0627\u0628\u0644\u0629 \u0644\u0625\u0639\u0627\u062f\u0629 \u0627\u0644\u062a\u0639\u0628\u0626\u0629 \u0648\u0642\u0627\u0628\u0644\u0629 \u0644\u0625\u0639\u0627\u062f\u0629 \u0627\u0644\u0627\u0633\u062a\u062e\u062f\u0627\u0645.<\/li>\n<li><strong>\u062a\u0635\u0646\u064a\u0639 \u0627\u0644\u0645\u0639\u062f\u0627\u062a \u0627\u0644\u0623\u0635\u0644\u064a\u0629 \u0648\u0642\u0627\u0628\u0644\u0629 \u0644\u0644\u062a\u062e\u0635\u064a\u0635:<\/strong> \u0623\u0644\u0648\u0627\u0646 \u0648\u0634\u0639\u0627\u0631\u0627\u062a \u0648\u0639\u0628\u0648\u0627\u062a \u0645\u062e\u0635\u0635\u0629 \u0644\u0644\u0627\u0633\u062a\u062e\u062f\u0627\u0645 \u0628\u0627\u0644\u062a\u062c\u0632\u0626\u0629 \u0623\u0648 \u0627\u0644\u0634\u0631\u0643\u0627\u062a.<\/li>\n<\/ul>\n<h2 style=\"font-size: 1.25rem; margin: 1.2rem 0 0.5rem;\">\ud83d\udccf \u0627\u0644\u0645\u0648\u0627\u0635\u0641\u0627\u062a<\/h2>\n<div style=\"overflow-x: auto; margin-bottom: 1rem;\">\n<table style=\"width: 100%; border-collapse: collapse; font-size: 14px; margin-bottom: 10px;\">\n<thead>\n<tr style=\"background-color: #f4f4f4;\">\n<th style=\"border: 1px solid #ccc; padding: 8px;\">\u0627\u0644\u0628\u0646\u062f<\/th>\n<th style=\"border: 1px solid #ccc; padding: 8px;\">\u0627\u0644\u062a\u0641\u0627\u0635\u064a\u0644<\/th>\n<\/tr>\n<\/thead>\n<tbody>\n<tr>\n<td style=\"border: 1px solid #ccc; padding: 8px;\">\u0627\u0633\u0645 \u0627\u0644\u0645\u0646\u062a\u062c<\/td>\n<td style=\"border: 1px solid #ccc; padding: 8px;\">\u0632\u062c\u0627\u062c\u0627\u062a \u0633\u064a\u0644\u064a\u0643\u0648\u0646 \u0644\u0644\u0633\u0641\u0631<\/td>\n<\/tr>\n<tr>\n<td style=\"border: 1px solid #ccc; padding: 8px;\">\u0627\u0644\u0637\u0631\u0627\u0632<\/td>\n<td style=\"border: 1px solid #ccc; padding: 8px;\">S-GS003<\/td>\n<\/tr>\n<tr>\n<td style=\"border: 1px solid #ccc; padding: 8px;\">\u0627\u0644\u0645\u0648\u0627\u062f<\/td>\n<td style=\"border: 1px solid #ccc; padding: 8px;\">\u0633\u064a\u0644\u064a\u0643\u0648\u0646 \u0645\u062e\u0635\u0635 \u0644\u0644\u0637\u0639\u0627\u0645 + \u063a\u0637\u0627\u0621 PP<\/td>\n<\/tr>\n<tr>\n<td style=\"border: 1px solid #ccc; padding: 8px;\">\u0627\u0644\u0642\u062f\u0631\u0629 \u0627\u0644\u0627\u0633\u062a\u064a\u0639\u0627\u0628\u064a\u0629<\/td>\n<td style=\"border: 1px solid #ccc; padding: 8px;\">60 \u0645\u0644<\/td>\n<\/tr>\n<tr>\n<td style=\"border: 1px solid #ccc; padding: 8px;\">\u0627\u0644\u0648\u0632\u0646<\/td>\n<td style=\"border: 1px solid #ccc; padding: 8px;\">\u224824.4g<\/td>\n<\/tr>\n<tr>\n<td style=\"border: 1px solid #ccc; padding: 8px;\">\u0627\u0644\u0623\u0628\u0639\u0627\u062f<\/td>\n<td style=\"border: 1px solid #ccc; padding: 8px;\">50 \u00d7 45 \u00d7 72.9 \u00d7 72.9 \u0645\u0645<\/td>\n<\/tr>\n<tr>\n<td style=\"border: 1px solid #ccc; padding: 8px;\">\u0627\u0644\u0645\u064a\u0632\u0627\u062a<\/td>\n<td style=\"border: 1px solid #ccc; padding: 8px;\">\u0645\u0627\u0646\u0639\u0629 \u0644\u0644\u062a\u0633\u0631\u0628\u060c \u0642\u0627\u0628\u0644\u0629 \u0644\u0644\u0639\u0635\u0631\u060c \u0642\u0627\u0628\u0644\u0629 \u0644\u0625\u0639\u0627\u062f\u0629 \u0627\u0644\u062a\u0639\u0628\u0626\u0629\u060c \u0628\u062d\u062c\u0645 \u0645\u0646\u0627\u0633\u0628 \u0644\u0644\u0633\u0641\u0631\u060c \u062e\u0627\u0644\u064a\u0629 \u0645\u0646 \u0645\u0627\u062f\u0629 BPA<\/td>\n<\/tr>\n<tr>\n<td style=\"border: 1px solid #ccc; padding: 8px;\">\u062e\u064a\u0627\u0631\u0627\u062a \u0635\u0627\u0646\u0639 \u0627\u0644\u0645\u0639\u062f\u0627\u062a \u0627\u0644\u0623\u0635\u0644\u064a\u0629<\/td>\n<td style=\"border: 1px solid #ccc; padding: 8px;\">\u0627\u0644\u0623\u0644\u0648\u0627\u0646 \u0627\u0644\u0645\u062e\u0635\u0635\u0629\u060c \u0648\u0637\u0628\u0627\u0639\u0629 \u0627\u0644\u0634\u0639\u0627\u0631\u060c \u0648\u062a\u0635\u0645\u064a\u0645 \u0627\u0644\u0639\u0628\u0648\u0627\u062a<\/td>\n<\/tr>\n<\/tbody>\n<\/table>\n<\/div>\n<h2 style=\"font-size: 1.25rem; margin: 1.2rem 0 0.5rem;\">\ud83d\udca1 \u0644\u0645\u0627\u0630\u0627 \u062a\u062d\u062a\u0627\u062c \u0625\u0644\u0649 \u0632\u062c\u0627\u062c\u0627\u062a \u0633\u064a\u0644\u064a\u0643\u0648\u0646 \u0644\u0644\u0633\u0641\u0631<\/h2>\n<ul style=\"margin: 0 0 1rem 1.2rem;\">\n<li>\u0628\u062f\u064a\u0644 \u0644\u0644\u0632\u062c\u0627\u062c\u0627\u062a \u0627\u0644\u062a\u064a \u062a\u0633\u062a\u062e\u062f\u0645 \u0644\u0645\u0631\u0629 \u0648\u0627\u062d\u062f\u0629\u060c \u0645\u062b\u0627\u0644\u064a\u0629 \u0644\u0644\u0633\u0641\u0631 \u0648\u0635\u0627\u0644\u0629 \u0627\u0644\u0623\u0644\u0639\u0627\u0628 \u0627\u0644\u0631\u064a\u0627\u0636\u064a\u0629 \u0648\u0627\u0644\u0627\u0633\u062a\u062e\u062f\u0627\u0645 \u0627\u0644\u064a\u0648\u0645\u064a.<\/li>\n<li>\u0647\u064a\u0643\u0644 \u0645\u0646 \u0627\u0644\u0633\u064a\u0644\u064a\u0643\u0648\u0646 \u0627\u0644\u0645\u0636\u063a\u0648\u0637 \u064a\u0636\u0645\u0646 \u062a\u062f\u0641\u0642 \u0627\u0644\u0633\u0627\u0626\u0644 \u0628\u0633\u0644\u0627\u0633\u0629 \u0648\u062a\u062d\u0643\u0645 \u0641\u064a \u0627\u0644\u0633\u0648\u0627\u0626\u0644.<\/li>\n<li>\u0635\u063a\u064a\u0631\u0629 \u0627\u0644\u062d\u062c\u0645 \u0648\u062e\u0641\u064a\u0641\u0629 \u0627\u0644\u0648\u0632\u0646 \u0648\u0645\u062a\u0648\u0627\u0641\u0642\u0629 \u0645\u0639 \u0625\u062f\u0627\u0631\u0629 \u0623\u0645\u0646 \u0627\u0644\u0645\u0648\u0627\u0635\u0644\u0627\u062a.<\/li>\n<li>\u062a\u0635\u0645\u064a\u0645 \u0645\u062a\u064a\u0646 \u064a\u0642\u0644\u0644 \u0645\u0646 \u0627\u0633\u062a\u0647\u0644\u0627\u0643 \u0627\u0644\u0628\u0644\u0627\u0633\u062a\u064a\u0643 \u0623\u062d\u0627\u062f\u064a \u0627\u0644\u0627\u0633\u062a\u062e\u062f\u0627\u0645.<\/li>\n<li>\u064a\u0645\u0643\u0646 \u0648\u0636\u0639 \u0639\u0644\u0627\u0645\u0629 \u062a\u062c\u0627\u0631\u064a\u0629 \u0628\u0623\u0644\u0648\u0627\u0646 \u0645\u062e\u0635\u0635\u0629 \u0648\u0637\u0628\u0627\u0639\u0629 \u0627\u0644\u0634\u0639\u0627\u0631 \u0648\u062e\u064a\u0627\u0631\u0627\u062a \u0627\u0644\u062a\u063a\u0644\u064a\u0641.<\/li>\n<\/ul>\n<h2 style=\"font-size: 1.25rem; margin: 1.2rem 0 0.5rem;\">\ud83d\udee0 \u0645\u0632\u0627\u064a\u0627 \u062a\u0635\u0646\u064a\u0639 \u0627\u0644\u0645\u0639\u062f\u0627\u062a \u0627\u0644\u0623\u0635\u0644\u064a\u0629 \u0648\u0627\u0644\u062a\u062e\u0635\u064a\u0635<\/h2>\n<ul style=\"margin: 0 0 1rem 1.2rem;\">\n<li>\u0632\u062c\u0627\u062c\u0627\u062a \u0648\u0623\u063a\u0637\u064a\u0629 \u0648\u0623\u0637\u0648\u0627\u0642 \u0645\u0637\u0627\u0628\u0642\u0629 \u0623\u0644\u0648\u0627\u0646 Pantone.<\/li>\n<li>\u062e\u064a\u0627\u0631\u0627\u062a \u0627\u0644\u0637\u0628\u0627\u0639\u0629: \u0627\u0644\u0637\u0628\u0627\u0639\u0629 \u0639\u0644\u0649 \u0627\u0644\u0634\u0627\u0634\u0629 \u0627\u0644\u062d\u0631\u064a\u0631\u064a\u0629 \u0648\u0627\u0644\u062e\u062a\u0645 \u0627\u0644\u0633\u0627\u062e\u0646 \u0648\u0627\u0644\u0646\u0642\u0634 \u0639\u0644\u0649 \u0627\u0644\u0634\u0639\u0627\u0631\u0627\u062a.<\/li>\n<li>\u0627\u0644\u062a\u063a\u0644\u064a\u0641: \u0639\u0644\u0628\u0629 \u0628\u064a\u0639 \u0628\u0627\u0644\u062a\u062c\u0632\u0626\u0629\u060c \u0645\u062c\u0645\u0648\u0639\u0629 \u0647\u062f\u0627\u064a\u0627\u060c \u0645\u062c\u0645\u0648\u0639\u0629 \u0647\u062f\u0627\u064a\u0627\u060c \u0639\u0628\u0648\u0629 \u0645\u062c\u0645\u0639\u0629\u060c \u0639\u0644\u0628\u0629 \u0639\u0631\u0636.<\/li>\n<li>\u0645\u0648\u0643 \u0645\u0631\u0646 \u0644\u0644\u0634\u0631\u0643\u0627\u062a \u0627\u0644\u0646\u0627\u0634\u0626\u0629 \u0648\u0627\u0644\u0637\u0644\u0628\u0627\u062a \u0628\u0627\u0644\u062c\u0645\u0644\u0629.<\/li>\n<li>\u0623\u0643\u062b\u0631 \u0645\u0646 \u0639\u0642\u062f \u0645\u0646 \u0627\u0644\u062e\u0628\u0631\u0629 \u0641\u064a \u062a\u0635\u0646\u064a\u0639 \u0627\u0644\u0645\u0639\u062f\u0627\u062a \u0627\u0644\u0623\u0635\u0644\u064a\u0629 \u0644\u0644\u0645\u0646\u062a\u062c\u0627\u062a \u0627\u0644\u0627\u062d\u062a\u0631\u0627\u0641\u064a\u0629 \u0627\u0644\u062c\u0627\u0647\u0632\u0629 \u0644\u0644\u0639\u0644\u0627\u0645\u0629 \u0627\u0644\u062a\u062c\u0627\u0631\u064a\u0629.<\/li>\n<\/ul>\n<h2 style=\"font-size: 1.25rem; margin: 1.2rem 0 0.5rem;\">\u0627\u0644\u062a\u0632\u0627\u0645 \u0635\u062f\u064a\u0642 \u0644\u0644\u0628\u064a\u0626\u0629<\/h2>\n<p style=\"margin: 0 0 1rem;\">\u0632\u062c\u0627\u062c\u0627\u062a \u0627\u0644\u0633\u064a\u0644\u064a\u0643\u0648\u0646 \u0627\u0644\u0642\u0627\u0628\u0644\u0629 \u0644\u0625\u0639\u0627\u062f\u0629 \u0627\u0644\u0645\u0644\u0621 \u0648\u0627\u0644\u062e\u0627\u0644\u064a\u0629 \u0645\u0646 \u0645\u0627\u062f\u0629 BPA \u0648\u0627\u0644\u0645\u0635\u0646\u0648\u0639\u0629 \u0645\u0646 \u0627\u0644\u0633\u064a\u0644\u064a\u0643\u0648\u0646 \u0627\u0644\u063a\u0630\u0627\u0626\u064a \u062a\u0642\u0644\u0644 \u0645\u0646 \u0627\u0644\u0645\u0648\u0627\u062f \u0627\u0644\u0628\u0644\u0627\u0633\u062a\u064a\u0643\u064a\u0629 \u0627\u0644\u062a\u064a \u062a\u0633\u062a\u062e\u062f\u0645 \u0645\u0631\u0629 \u0648\u0627\u062d\u062f\u0629 \u0648\u062a\u062f\u0639\u0645 \u0627\u0644\u0627\u0633\u062a\u062f\u0627\u0645\u0629 \u0645\u0639 \u0627\u0644\u062d\u0641\u0627\u0638 \u0639\u0644\u0649 \u062a\u0635\u0645\u064a\u0645 \u0635\u062d\u064a \u0648\u0642\u0627\u0628\u0644 \u0644\u0625\u0639\u0627\u062f\u0629 \u0627\u0644\u0627\u0633\u062a\u062e\u062f\u0627\u0645 \u0644\u0644\u0645\u0633\u0627\u0641\u0631\u064a\u0646 \u0648\u0627\u0644\u0645\u0633\u062a\u0647\u0644\u0643\u064a\u0646 \u0639\u0644\u0649 \u062d\u062f \u0633\u0648\u0627\u0621.<\/p>\n<h2 style=\"font-size: 1.25rem; margin: 1.2rem 0 0.5rem;\">\ud83d\udce6 \u0627\u0644\u062a\u0639\u0628\u0626\u0629 \u0648\u0627\u0644\u062a\u063a\u0644\u064a\u0641 \u0648\u0627\u0644\u0634\u062d\u0646<\/h2>\n<ul style=\"margin: 0 0 1rem 1.2rem;\">\n<li>\u0627\u0644\u062a\u0639\u0628\u0626\u0629 \u0648\u0627\u0644\u062a\u063a\u0644\u064a\u0641: \u0639\u0644\u0628 \u0643\u0631\u062a\u0648\u0646 \u0645\u062c\u0645\u0639\u0629 \u0623\u0648 \u0635\u0646\u0627\u062f\u064a\u0642 \u0628\u064a\u0639 \u0628\u0627\u0644\u062a\u062c\u0632\u0626\u0629 \u0623\u0648 \u0639\u0628\u0648\u0627\u062a \u0645\u062e\u0635\u0635\u0629.<\/li>\n<li>\u0627\u0644\u0645\u0647\u0644\u0629 \u0627\u0644\u0632\u0645\u0646\u064a\u0629: 15-30 \u064a\u0648\u0645\u064b\u0627 \u062d\u0633\u0628 \u0627\u0644\u062a\u062e\u0635\u064a\u0635 \u0648\u062d\u062c\u0645 \u0627\u0644\u0637\u0644\u0628.<\/li>\n<li>\u0627\u0644\u0634\u062d\u0646: \u0641\u064a \u062c\u0645\u064a\u0639 \u0623\u0646\u062d\u0627\u0621 \u0627\u0644\u0639\u0627\u0644\u0645 \u0639\u0646 \u0637\u0631\u064a\u0642 \u0627\u0644\u062c\u0648 \u0623\u0648 \u0627\u0644\u0628\u062d\u0631 \u0623\u0648 \u0627\u0644\u0628\u0631\u064a\u062f \u0627\u0644\u0633\u0631\u064a\u0639.<\/li>\n<\/ul>\n<h2 style=\"font-size: 1.25rem; margin: 1.2rem 0 0.5rem;\">\ud83c\udfd6 \u0645\u062b\u0627\u0644\u064a \u0644<\/h2>\n<ul style=\"margin: 0 0 1rem 1.2rem;\">\n<li>\u0633\u0641\u0631 \u0627\u0644\u0639\u0645\u0644 \u0648\u0627\u0644\u0639\u0637\u0644\u0627\u062a (\u0645\u062a\u0648\u0627\u0641\u0642 \u0645\u0639 \u0625\u062f\u0627\u0631\u0629 \u0623\u0645\u0646 \u0627\u0644\u0645\u0648\u0627\u0635\u0644\u0627\u062a \u0627\u0644\u0623\u0645\u0631\u064a\u0643\u064a\u0629)<\/li>\n<li>\u0635\u0627\u0644\u0648\u0646\u0627\u062a \u062a\u0635\u0641\u064a\u0641 \u0627\u0644\u0634\u0639\u0631 \u0648\u0627\u0644\u0645\u0646\u062a\u062c\u0639\u0627\u062a \u0627\u0644\u0635\u062d\u064a\u0629 \u0648\u0627\u0644\u0645\u0631\u0627\u0643\u0632 \u0627\u0644\u0635\u062d\u064a\u0629<\/li>\n<li>\u0648\u0633\u0627\u0626\u0644 \u0627\u0644\u0631\u0627\u062d\u0629 \u0627\u0644\u0641\u0646\u062f\u0642\u064a\u0629 \u0648\u0627\u0644\u0647\u062f\u0627\u064a\u0627 \u0627\u0644\u062a\u0631\u0648\u064a\u062c\u064a\u0629<\/li>\n<li>\u0631\u0648\u062a\u064a\u0646 \u0627\u0644\u0639\u0646\u0627\u064a\u0629 \u0628\u0627\u0644\u0628\u0634\u0631\u0629 \u0648\u0627\u0644\u0639\u0646\u0627\u064a\u0629 \u0628\u0627\u0644\u0634\u0639\u0631 \u0648\u0627\u0644\u0645\u0643\u064a\u0627\u062c<\/li>\n<\/ul>\n<h2 style=\"font-size: 1.25rem; margin: 1.2rem 0 0.5rem;\">\u2705 \u0645\u0644\u062e\u0635 \u2705 \u0645\u0644\u062e\u0635<\/h2>\n<p style=\"margin: 0;\">\u062a\u064f\u0639\u062f \u0632\u062c\u0627\u062c\u0627\u062a \u0627\u0644\u0633\u064a\u0644\u064a\u0643\u0648\u0646 \u0644\u0644\u0633\u0641\u0631 \u0633\u0639\u0629 60 \u0645\u0644 \u0645\u062b\u0627\u0644\u064a\u0629 \u0644\u0644\u0634\u0627\u0645\u0628\u0648 \u0623\u0648 \u0627\u0644\u0628\u0644\u0633\u0645 \u0623\u0648 \u0627\u0644\u063a\u0633\u0648\u0644 \u0623\u0648 \u0627\u0644\u0645\u0646\u0638\u0641\u0627\u062a. \u062a\u0634\u0645\u0644 \u062e\u064a\u0627\u0631\u0627\u062a \u062a\u0635\u0646\u064a\u0639 \u0627\u0644\u0645\u0639\u062f\u0627\u062a \u0627\u0644\u0623\u0635\u0644\u064a\u0629 \u0627\u0644\u0623\u0644\u0648\u0627\u0646 \u0627\u0644\u0645\u062e\u0635\u0635\u0629 \u0648\u0637\u0628\u0627\u0639\u0629 \u0627\u0644\u0634\u0639\u0627\u0631 \u0648\u0627\u0644\u062a\u0639\u0628\u0626\u0629 \u0648\u0627\u0644\u062a\u063a\u0644\u064a\u0641\u060c \u0645\u0645\u0627 \u064a\u0648\u0641\u0631 \u062d\u0644\u0627\u064b \u0627\u062d\u062a\u0631\u0627\u0641\u064a\u064b\u0627 \u0648\u0635\u062f\u064a\u0642\u064b\u0627 \u0644\u0644\u0628\u064a\u0626\u0629 \u0648\u0645\u062d\u0645\u0648\u0644\u0627\u064b \u0644\u0644\u0639\u0644\u0627\u0645\u0627\u062a \u0627\u0644\u062a\u062c\u0627\u0631\u064a\u0629 \u0648\u0627\u0644\u0645\u0633\u062a\u0647\u0644\u0643\u064a\u0646. \ud83c\udf1f<\/p>\n<p style=\"margin: 1rem 0 0 0; font-size: 0.9rem; color: #555;\">* \u0627\u0644\u0623\u0628\u0639\u0627\u062f \u0648\u0627\u0644\u0623\u0648\u0632\u0627\u0646 \u062a\u0642\u0631\u064a\u0628\u064a\u0629\u061b \u0642\u062f \u062a\u062e\u062a\u0644\u0641 \u0627\u0644\u0642\u064a\u0627\u0633\u0627\u062a \u0627\u0644\u062f\u0642\u064a\u0642\u0629 \u0628\u0633\u0628\u0628 \u0639\u0645\u0644\u064a\u0629 \u0627\u0644\u0625\u0646\u062a\u0627\u062c.<\/p>\n<\/section>","protected":false},"excerpt":{"rendered":"<p>\u0628\u0631\u064a\u0645\u064a\u0648\u0645 60 \u0645\u0644 <strong data-start=\"329\" data-end=\"356\">\u0632\u062c\u0627\u062c\u0627\u062a \u0633\u064a\u0644\u064a\u0643\u0648\u0646 \u0644\u0644\u0633\u0641\u0631<\/strong> \u0645\u0635\u0645\u0645\u0629 \u0645\u0646 \u0623\u062c\u0644 <strong data-start=\"370\" data-end=\"407\">\u062d\u0627\u0648\u064a\u0627\u062a \u0623\u062f\u0648\u0627\u062a \u062a\u062c\u0645\u064a\u0644 \u0628\u062d\u062c\u0645 \u0645\u0646\u0627\u0633\u0628 \u0644\u0644\u0633\u0641\u0631<\/strong>. \u062e\u0627\u0644\u064a\u0629 \u0645\u0646 \u0645\u0627\u062f\u0629 BPA\u060c \u0648\u0645\u0627\u0646\u0639\u0629 \u0644\u0644\u062a\u0633\u0631\u0628\u060c \u0648\u0642\u0627\u0628\u0644\u0629 \u0644\u0644\u0636\u063a\u0637\u060c \u0648\u0642\u0627\u0628\u0644\u0629 \u0644\u0625\u0639\u0627\u062f\u0629 \u0627\u0644\u0627\u0633\u062a\u062e\u062f\u0627\u0645\u060c \u0648\u0645\u062b\u0627\u0644\u064a\u0629 \u0644\u0644\u0634\u0627\u0645\u0628\u0648 \u0648\u0627\u0644\u0628\u0644\u0633\u0645 \u0648\u0627\u0644\u063a\u0633\u0648\u0644. \u0642\u0627\u0628\u0644\u0629 \u0644\u0644\u062a\u062e\u0635\u064a\u0635 \u0645\u0646 OEM \u0644\u0644\u0639\u0644\u0627\u0645\u0627\u062a \u0627\u0644\u062a\u062c\u0627\u0631\u064a\u0629 \u0645\u0639 \u062d\u0644\u0648\u0644 \u062a\u063a\u0644\u064a\u0641 \u0627\u062d\u062a\u0631\u0627\u0641\u064a\u0629.<\/p>","protected":false},"featured_media":5576,"comment_status":"closed","ping_status":"closed","template":"","meta":{"_acf_changed":false},"product_brand":[],"product_cat":[49],"product_tag":[],"class_list":{"0":"post-5419","1":"product","2":"type-product","3":"status-publish","4":"has-post-thumbnail","6":"product_cat-silicone-materials","8":"first","9":"instock","10":"shipping-taxable","11":"product-type-grouped"},"acf":[],"_links":{"self":[{"href":"https:\/\/goldensoarpackage.com\/ar\/wp-json\/wp\/v2\/product\/5419","targetHints":{"allow":["GET"]}}],"collection":[{"href":"https:\/\/goldensoarpackage.com\/ar\/wp-json\/wp\/v2\/product"}],"about":[{"href":"https:\/\/goldensoarpackage.com\/ar\/wp-json\/wp\/v2\/types\/product"}],"replies":[{"embeddable":true,"href":"https:\/\/goldensoarpackage.com\/ar\/wp-json\/wp\/v2\/comments?post=5419"}],"wp:featuredmedia":[{"embeddable":true,"href":"https:\/\/goldensoarpackage.com\/ar\/wp-json\/wp\/v2\/media\/5576"}],"wp:attachment":[{"href":"https:\/\/goldensoarpackage.com\/ar\/wp-json\/wp\/v2\/media?parent=5419"}],"wp:term":[{"taxonomy":"product_brand","embeddable":true,"href":"https:\/\/goldensoarpackage.com\/ar\/wp-json\/wp\/v2\/product_brand?post=5419"},{"taxonomy":"product_cat","embeddable":true,"href":"https:\/\/goldensoarpackage.com\/ar\/wp-json\/wp\/v2\/product_cat?post=5419"},{"taxonomy":"product_tag","embeddable":true,"href":"https:\/\/goldensoarpackage.com\/ar\/wp-json\/wp\/v2\/product_tag?post=5419"}],"curies":[{"name":"wp","href":"https:\/\/api.w.org\/{rel}","templated":true}]}}