{"id":5346,"date":"2025-08-14T11:09:56","date_gmt":"2025-08-14T11:09:56","guid":{"rendered":"https:\/\/goldensoarpackage.com\/?post_type=product&#038;p=5346"},"modified":"2025-08-20T09:16:14","modified_gmt":"2025-08-20T09:16:14","slug":"%d8%b2%d8%ac%d8%a7%d8%ac%d8%a9-%d8%b6%d8%ba%d8%b7-%d9%85%d9%86-%d8%a7%d9%84%d8%b3%d9%8a%d9%84%d9%8a%d9%83%d9%88%d9%86-%d9%85%d8%b9-%d9%81%d8%b1%d8%b4%d8%a7%d8%a9-%d8%b3%d9%81%d9%84%d9%8a%d8%a9","status":"publish","type":"product","link":"https:\/\/goldensoarpackage.com\/ar\/%d8%b2%d8%ac%d8%a7%d8%ac%d8%a9-%d8%b6%d8%ba%d8%b7-%d9%85%d9%86-%d8%a7%d9%84%d8%b3%d9%8a%d9%84%d9%8a%d9%83%d9%88%d9%86-%d9%85%d8%b9-%d9%81%d8%b1%d8%b4%d8%a7%d8%a9-%d8%b3%d9%81%d9%84%d9%8a%d8%a9\/","title":{"rendered":"\u0632\u062c\u0627\u062c\u0629 \u0636\u063a\u0637 \u0645\u0646 \u0627\u0644\u0633\u064a\u0644\u064a\u0643\u0648\u0646 \u0642\u0627\u0628\u0644\u0629 \u0644\u0625\u0639\u0627\u062f\u0629 \u0627\u0644\u062a\u0639\u0628\u0626\u0629 \u0645\u0648\u0632\u0639 \u0633\u0627\u0626\u0644 \u062a\u062c\u0645\u064a\u0644 \u0642\u0627\u0628\u0644 \u0644\u0625\u0639\u0627\u062f\u0629 \u0627\u0644\u062a\u0639\u0628\u0626\u0629 \u0648\u0645\u062d\u0645\u0648\u0644 \u0644\u0644\u062a\u062e\u0632\u064a\u0646 \u0623\u062b\u0646\u0627\u0621 \u0627\u0644\u0633\u0641\u0631 \u0645\u0639 \u0641\u0631\u0634\u0627\u0629 \u0633\u0641\u0644\u064a\u0629"},"content":{"rendered":"<section style=\"font-family: Arial, sans-serif; line-height: 1.6; color: #333; width: 100%; margin: auto;\">\n<header style=\"margin-bottom: 20px;\">\n<h1 style=\"font-size: 24px; margin-bottom: 10px; text-align: center;\">\u0632\u062c\u0627\u062c\u0629 \u063a\u0633\u0648\u0644 \u0644\u0644\u0633\u0641\u0631 \u0642\u0627\u0628\u0644\u0629 \u0644\u0625\u0639\u0627\u062f\u0629 \u0627\u0644\u0645\u0644\u0621 \u0632\u062c\u0627\u062c\u0629 \u0636\u063a\u0637 \u0635\u063a\u064a\u0631\u0629 \u0645\u0646 \u0627\u0644\u0633\u064a\u0644\u064a\u0643\u0648\u0646 \u0645\u0639 \u0641\u0631\u0634\u0627\u0629<\/h1>\n<p style=\"margin-bottom: 15px;\">\u062a\u0639\u0631\u0641 \u0639\u0644\u0649 \u0631\u0641\u064a\u0642 \u0627\u0644\u0633\u0641\u0631 \u0627\u0644\u0630\u064a \u062a\u062d\u0644\u0645 \u0628\u0647: \u0632\u062c\u0627\u062c\u0629 \u0636\u063a\u0637 \u0645\u0646 \u0627\u0644\u0633\u064a\u0644\u064a\u0643\u0648\u0646 \u0628\u0633\u0639\u0629 60 \u0645\u0644 \u0645\u0639 \u0641\u0631\u0634\u0627\u0629 \u0633\u0641\u0644\u064a\u0629 \u0645\u062f\u0645\u062c\u0629 \u0644\u0648\u0636\u0639 \u0627\u0644\u0645\u0633\u062a\u062d\u0636\u0631 \u062f\u0648\u0646 \u0639\u0646\u0627\u0621 \u0648\u062f\u0648\u0646 \u0641\u0648\u0636\u0649. \u0645\u0627\u0646\u0639\u0629 \u0644\u0644\u062a\u0633\u0631\u0628\u060c \u0648\u0642\u0627\u0628\u0644\u0629 \u0644\u0625\u0639\u0627\u062f\u0629 \u0627\u0644\u0627\u0633\u062a\u062e\u062f\u0627\u0645\u060c \u0648\u0645\u0646\u0627\u0633\u0628\u0629 \u0644\u0625\u062f\u0627\u0631\u0629 \u0623\u0645\u0646 \u0627\u0644\u0646\u0642\u0644\u060c \u0648\u0642\u0627\u0628\u0644\u0629 \u0644\u0644\u062a\u062e\u0635\u064a\u0635 \u0628\u0627\u0644\u0643\u0627\u0645\u0644 \u0644\u0644\u0639\u0644\u0627\u0645\u0627\u062a \u0627\u0644\u062a\u062c\u0627\u0631\u064a\u0629 \u0648\u0627\u0644\u0628\u0627\u0626\u0639\u064a\u0646.<\/p>\n<\/header>\n<section style=\"margin-bottom: 25px;\">\n<h2 style=\"font-size: 20px; margin-bottom: 10px;\">\ud83c\udf1f \u0627\u0644\u0645\u064a\u0632\u0627\u062a \u0627\u0644\u0631\u0626\u064a\u0633\u064a\u0629<\/h2>\n<ul style=\"padding-left: 20px;\">\n<li>\u0633\u064a\u0644\u064a\u0643\u0648\u0646 \u0639\u0627\u0644\u064a \u0627\u0644\u062c\u0648\u062f\u0629\u060c \u0645\u0635\u0646\u0648\u0639 \u0645\u0646 \u0627\u0644\u0633\u064a\u0644\u064a\u0643\u0648\u0646 \u0627\u0644\u0645\u062e\u0635\u0635 \u0644\u0644\u0637\u0639\u0627\u0645 - \u062e\u0627\u0644\u064d \u0645\u0646 \u0645\u0627\u062f\u0629 BPA\u060c \u0648\u0635\u062f\u064a\u0642 \u0644\u0644\u0628\u0634\u0631\u0629 \u0645\u0639 \u0645\u0644\u0645\u0633 \u0646\u0627\u0639\u0645 \u0645\u0645\u062a\u0627\u0632.<\/li>\n<li>\u0641\u0631\u0634\u0627\u0629 \u0633\u0641\u0644\u064a\u0629 \u0641\u0631\u064a\u062f\u0629 \u0645\u0646 \u0646\u0648\u0639\u0647\u0627 - \u0641\u0631\u0634\u0627\u0629 \u0633\u0641\u0644\u064a\u0629 \u0645\u062f\u0645\u062c\u0629 \u0644\u062a\u0648\u0632\u064a\u0639 \u0627\u0644\u0645\u0646\u062a\u062c \u0628\u0627\u0644\u062a\u0633\u0627\u0648\u064a\u061b \u0644\u0627 \u062d\u0627\u062c\u0629 \u0644\u0623\u062f\u0648\u0627\u062a \u0625\u0636\u0627\u0641\u064a\u0629.<\/li>\n<li>\u0633\u0639\u0629 2 \u0623\u0648\u0646\u0635\u0629 \u0628\u062d\u062c\u0645 \u0627\u0644\u062c\u064a\u0628 - \u0645\u062b\u0627\u0644\u064a\u0629 \u0644\u0644\u0633\u0641\u0631 \u0627\u0644\u062c\u0648\u064a \u0648\u0627\u0644\u062d\u0645\u0644 \u0627\u0644\u064a\u0648\u0645\u064a.<\/li>\n<li>\u063a\u0637\u0627\u0621 \u0622\u0645\u0646 \u0636\u062f \u0627\u0644\u062a\u0633\u0631\u0628 - \u063a\u0637\u0627\u0621 \u0645\u062d\u0643\u0645 \u0627\u0644\u0625\u063a\u0644\u0627\u0642 \u064a\u0633\u0627\u0639\u062f \u0639\u0644\u0649 \u0645\u0646\u0639 \u0627\u0644\u0627\u0646\u0633\u0643\u0627\u0628\u0627\u062a \u0641\u064a \u0627\u0644\u062d\u0642\u0627\u0626\u0628 \u0648\u0627\u0644\u0623\u0645\u062a\u0639\u0629.<\/li>\n<li>\u0636\u063a\u0637\u0629 \u0646\u0627\u0639\u0645\u0629 \u0644\u0644\u062c\u0633\u0645 - \u062a\u0648\u0632\u064a\u0639 \u0645\u062a\u062d\u0643\u0645 \u0628\u0647 \u0644\u0644\u0645\u0633\u062a\u062d\u0636\u0631\u0627\u062a \u0648\u0627\u0644\u0634\u0627\u0645\u0628\u0648 \u0648\u0627\u0644\u0628\u0644\u0633\u0645 \u0648\u0627\u0644\u0645\u0646\u0638\u0641\u0627\u062a.<\/li>\n<li>\u0630\u0643\u064a\u0629 \u0628\u064a\u0626\u064a\u0627\u064b \u0648\u0642\u0627\u0628\u0644\u0629 \u0644\u0625\u0639\u0627\u062f\u0629 \u0627\u0644\u062a\u0639\u0628\u0626\u0629 - \u0627\u0644\u062d\u062f \u0645\u0646 \u0627\u0644\u0645\u0648\u0627\u062f \u0627\u0644\u0628\u0644\u0627\u0633\u062a\u064a\u0643\u064a\u0629 \u0630\u0627\u062a \u0627\u0644\u0627\u0633\u062a\u062e\u062f\u0627\u0645 \u0627\u0644\u0648\u0627\u062d\u062f\u061b \u0645\u0635\u0645\u0645\u0629 \u0644\u0625\u0639\u0627\u062f\u0629 \u0627\u0644\u0627\u0633\u062a\u062e\u062f\u0627\u0645 \u0639\u0644\u0649 \u0627\u0644\u0645\u062f\u0649 \u0627\u0644\u0637\u0648\u064a\u0644.<\/li>\n<li>\u062a\u0635\u0646\u064a\u0639 \u0627\u0644\u0645\u0639\u062f\u0627\u062a \u0627\u0644\u0623\u0635\u0644\u064a\u0629 \u0648\u0627\u0644\u062a\u062e\u0635\u064a\u0635 - \u0623\u0644\u0648\u0627\u0646 \u0645\u062e\u0635\u0635\u0629 \u0648\u0637\u0628\u0627\u0639\u0629 \u0627\u0644\u0634\u0639\u0627\u0631 \u0648\u0627\u0644\u062a\u063a\u0644\u064a\u0641 \u0644\u0639\u0644\u0627\u0645\u062a\u0643 \u0627\u0644\u062a\u062c\u0627\u0631\u064a\u0629.<\/li>\n<\/ul>\n<\/section>\n<section style=\"margin-bottom: 25px;\">\n<h2 style=\"font-size: 20px; margin-bottom: 10px;\">\ud83d\udccf \u0627\u0644\u0645\u0648\u0627\u0635\u0641\u0627\u062a<\/h2>\n<table style=\"width: 100%; border-collapse: collapse; font-size: 14px; margin-bottom: 10px;\">\n<thead>\n<tr style=\"background-color: #f4f4f4;\">\n<th style=\"border: 1px solid #ccc; padding: 8px;\">\u0627\u0644\u0628\u0646\u062f<\/th>\n<th style=\"border: 1px solid #ccc; padding: 8px;\">\u0627\u0644\u062a\u0641\u0627\u0635\u064a\u0644<\/th>\n<\/tr>\n<\/thead>\n<tbody>\n<tr>\n<td style=\"border: 1px solid #ccc; padding: 8px;\">\u0627\u0644\u0645\u0646\u062a\u062c<\/td>\n<td style=\"border: 1px solid #ccc; padding: 8px;\">\u0639\u0628\u0648\u0629 \u0633\u064a\u0644\u064a\u0643\u0648\u0646 60 \u0645\u0644 \u0642\u0627\u0628\u0644\u0629 \u0644\u0625\u0639\u0627\u062f\u0629 \u0627\u0644\u0645\u0644\u0621 \u0645\u0646 \u0627\u0644\u0633\u064a\u0644\u064a\u0643\u0648\u0646 \u0645\u0639 \u0641\u0631\u0634\u0627\u0629 \u0633\u0641\u0644\u064a\u0629<\/td>\n<\/tr>\n<tr>\n<td style=\"border: 1px solid #ccc; padding: 8px;\">\u0627\u0644\u0637\u0631\u0627\u0632<\/td>\n<td style=\"border: 1px solid #ccc; padding: 8px;\">S-GS004<\/td>\n<\/tr>\n<tr>\n<td style=\"border: 1px solid #ccc; padding: 8px;\">\u0627\u0644\u0645\u0648\u0627\u062f<\/td>\n<td style=\"border: 1px solid #ccc; padding: 8px;\">\u0633\u064a\u0644\u064a\u0643\u0648\u0646 \u0645\u062e\u0635\u0635 \u0644\u0644\u0637\u0639\u0627\u0645 (\u0632\u062c\u0627\u062c\u0629) + \u0628\u0648\u0644\u064a \u0628\u0631\u0648\u0628\u064a\u0644\u064a\u0646 (\u063a\u0637\u0627\u0621)<\/td>\n<\/tr>\n<tr>\n<td style=\"border: 1px solid #ccc; padding: 8px;\">\u0627\u0644\u0642\u062f\u0631\u0629 \u0627\u0644\u0627\u0633\u062a\u064a\u0639\u0627\u0628\u064a\u0629<\/td>\n<td style=\"border: 1px solid #ccc; padding: 8px;\">60 \u0645\u0644 (2 \u0623\u0648\u0646\u0635\u0629)<\/td>\n<\/tr>\n<tr>\n<td style=\"border: 1px solid #ccc; padding: 8px;\">\u0627\u0644\u0648\u0632\u0646<\/td>\n<td style=\"border: 1px solid #ccc; padding: 8px;\">\u2248 25.6g<\/td>\n<\/tr>\n<tr>\n<td style=\"border: 1px solid #ccc; padding: 8px;\">\u0627\u0644\u062d\u062c\u0645<\/td>\n<td style=\"border: 1px solid #ccc; padding: 8px;\">46 \u00d7 39.6 \u00d7 39.6 \u00d7 84.8 \u0645\u0645<\/td>\n<\/tr>\n<tr>\n<td style=\"border: 1px solid #ccc; padding: 8px;\">\u0627\u0644\u0645\u064a\u0632\u0627\u062a<\/td>\n<td style=\"border: 1px solid #ccc; padding: 8px;\">\u0641\u0631\u0634\u0627\u0629 \u0645\u062f\u0645\u062c\u0629\u060c \u0635\u0645\u0627\u0645 \u062a\u062d\u0643\u0645 \u0641\u064a \u0627\u0644\u0633\u0627\u0626\u0644\u060c \u0642\u0637\u0627\u0631\u0629 \u0636\u063a\u0637\u060c \u0645\u0627\u0646\u0639\u0629 \u0644\u0644\u062a\u0633\u0631\u0628\u060c \u0642\u0627\u0628\u0644\u0629 \u0644\u0625\u0639\u0627\u062f\u0629 \u0627\u0644\u062a\u0639\u0628\u0626\u0629<\/td>\n<\/tr>\n<tr>\n<td style=\"border: 1px solid #ccc; padding: 8px;\">\u0627\u0644\u0644\u0648\u0646<\/td>\n<td style=\"border: 1px solid #ccc; padding: 8px;\">\u062d\u0633\u0628 \u0627\u0644\u0637\u0644\u0628 (\u062a\u062a\u0648\u0627\u0641\u0631 \u0645\u0637\u0627\u0628\u0642\u0629 \u0627\u0644\u0628\u0627\u0646\u062a\u0648\u0646)<\/td>\n<\/tr>\n<tr>\n<td style=\"border: 1px solid #ccc; padding: 8px;\">\u062e\u064a\u0627\u0631\u0627\u062a \u0627\u0644\u0634\u0639\u0627\u0631<\/td>\n<td style=\"border: 1px solid #ccc; padding: 8px;\">\u0627\u0644\u0634\u0627\u0634\u0629 \u0627\u0644\u062d\u0631\u064a\u0631\u064a\u0629 \u0648\u0627\u0644\u062e\u062a\u0645 \u0627\u0644\u0633\u0627\u062e\u0646 \u0648\u0627\u0644\u0646\u0642\u0634 \u0639\u0644\u0649 \u0627\u0644\u062d\u0631\u064a\u0631 \u0648\u0627\u0644\u0646\u0642\u0634 \u0639\u0644\u0649 \u0627\u0644\u0633\u0627\u062e\u0646<\/td>\n<\/tr>\n<\/tbody>\n<\/table>\n<p style=\"font-size: 12px; color: #555;\">\u064a\u0639\u062a\u0645\u062f \u0627\u0644\u0627\u0645\u062a\u062b\u0627\u0644 \u0644\u0642\u0648\u0627\u0639\u062f \u0625\u062f\u0627\u0631\u0629 \u0623\u0645\u0646 \u0627\u0644\u0645\u0648\u0627\u0635\u0644\u0627\u062a \u0627\u0644\u0623\u0645\u0631\u064a\u0643\u064a\u0629 (TSA) \u0639\u0644\u0649 \u0642\u0648\u0627\u0639\u062f \u0627\u0644\u0645\u0637\u0627\u0631\u0627\u062a \u0627\u0644\u0645\u062d\u0644\u064a\u0629\u061b 60 \u0645\u0644 \u0636\u0645\u0646 \u062d\u062f\u0648\u062f \u0627\u0644\u0633\u0648\u0627\u0626\u0644 \u0627\u0644\u0645\u0639\u062a\u0627\u062f\u0629.<\/p>\n<\/section>\n<section style=\"margin-bottom: 25px;\">\n<h2 style=\"font-size: 20px; margin-bottom: 10px;\">\ud83d\udca1 \u0644\u0645\u0627\u0630\u0627 \u062a\u062e\u062a\u0627\u0631 \u0632\u062c\u0627\u062c\u0629 \u0636\u063a\u0637 \u0627\u0644\u0633\u064a\u0644\u064a\u0643\u0648\u0646\u061f<\/h2>\n<ul style=\"padding-left: 20px;\">\n<li>\u2714 \u062a\u0637\u0628\u064a\u0642 \u0628\u062f\u0648\u0646 \u0623\u062f\u0648\u0627\u062a - \u0636\u0639\u064a \u0627\u0644\u0645\u0646\u0638\u0641\u0627\u062a \u0648\u0627\u0644\u0639\u0644\u0627\u062c\u0627\u062a \u0645\u0628\u0627\u0634\u0631\u0629\u064b \u0628\u0627\u0633\u062a\u062e\u062f\u0627\u0645 \u0627\u0644\u0641\u0631\u0634\u0627\u0629 \u0627\u0644\u0645\u062f\u0645\u062c\u0629.<\/li>\n<li>\u2714 \u062e\u062a\u0645 \u0645\u0642\u0627\u0648\u0645 \u0644\u0644\u0633\u0641\u0631 - \u064a\u0633\u0627\u0639\u062f \u0627\u0644\u063a\u0637\u0627\u0621 \u0627\u0644\u0645\u0635\u0646\u0648\u0639 \u0645\u0646 \u0627\u0644\u0628\u0648\u0644\u064a \u0628\u0631\u0648\u0628\u064a\u0644\u064a\u0646 \u0628\u0648\u0644\u064a \u0628\u0631\u0648\u0628\u064a\u0644\u064a\u0646 \u0648\u0627\u0644\u0635\u0645\u0627\u0645 \u0627\u0644\u0645\u062a\u062d\u0643\u0645 \u0641\u064a\u0647 \u0639\u0644\u0649 \u0625\u0628\u0642\u0627\u0621 \u0627\u0644\u0645\u062d\u062a\u0648\u064a\u0627\u062a \u0641\u064a \u0645\u0643\u0627\u0646\u0647\u0627 \u0627\u0644\u0635\u062d\u064a\u062d.<\/li>\n<li>\u2714 \u0645\u062f\u0645\u062c\u0629 \u0648\u062c\u0627\u0647\u0632\u0629 \u0644\u0644\u062d\u0645\u0644 - \u0639\u0627\u0645\u0644 \u0634\u0643\u0644 \u0645\u0646\u0627\u0633\u0628 \u0644\u0644\u062c\u064a\u0628 \u0644\u0644\u0631\u062d\u0644\u0627\u062a \u0627\u0644\u062c\u0648\u064a\u0629 \u0648\u0627\u0644\u0635\u0627\u0644\u0627\u062a \u0627\u0644\u0631\u064a\u0627\u0636\u064a\u0629 \u0648\u0627\u0644\u062d\u0642\u0627\u0626\u0628 \u0627\u0644\u064a\u0648\u0645\u064a\u0629.<\/li>\n<li>\u2714 \u0642\u0627\u0628\u0644 \u0644\u0644\u0639\u0644\u0627\u0645\u0629 \u0627\u0644\u062a\u062c\u0627\u0631\u064a\u0629 - \u062a\u0645\u064a\u0651\u0632 \u0628\u0623\u0644\u0648\u0627\u0646 \u0648\u0634\u0639\u0627\u0631\u0627\u062a \u0645\u062e\u0635\u0635\u0629 \u0648\u0639\u0628\u0648\u0627\u062a \u062c\u0627\u0647\u0632\u0629 \u0644\u0644\u0628\u064a\u0639 \u0628\u0627\u0644\u062a\u062c\u0632\u0626\u0629.<\/li>\n<\/ul>\n<\/section>\n<section style=\"margin-bottom: 25px;\">\n<h2 style=\"font-size: 20px; margin-bottom: 10px;\">\ud83d\udee0 \u062a\u0635\u0646\u064a\u0639 \u0627\u0644\u0645\u0639\u062f\u0627\u062a \u0627\u0644\u0623\u0635\u0644\u064a\u0629 \u0648\u0627\u0644\u062a\u062e\u0635\u064a\u0635<\/h2>\n<ul style=\"padding-left: 20px;\">\n<li>\u062a\u0637\u0627\u0628\u0642 \u0623\u0644\u0648\u0627\u0646 \u0628\u0627\u0646\u062a\u0648\u0646 \u0644\u0644\u0632\u062c\u0627\u062c\u0629 \u0648\u0627\u0644\u064a\u0627\u0642\u0629 \u0648\u0627\u0644\u063a\u0637\u0627\u0621<\/li>\n<li>\u0632\u062e\u0631\u0641\u0629 \u0627\u0644\u0634\u0639\u0627\u0631: \u0637\u0628\u0627\u0639\u0629 \u062d\u0631\u064a\u0631\u064a\u0629\u060c \u062e\u062a\u0645 \u0639\u0644\u0649 \u0627\u0644\u0633\u0627\u062e\u0646\u060c \u0646\u0642\u0634 \u0639\u0644\u0649 \u0627\u0644\u0634\u0639\u0627\u0631<\/li>\n<li>\u0627\u062e\u062a\u064a\u0627\u0631\u0627\u062a \u0627\u0644\u062a\u0639\u0628\u0626\u0629 \u0648\u0627\u0644\u062a\u063a\u0644\u064a\u0641: \u0628\u0627\u0644\u062c\u0645\u0644\u0629\u060c \u0635\u0646\u062f\u0648\u0642 \u0627\u0644\u0628\u064a\u0639 \u0628\u0627\u0644\u062a\u062c\u0632\u0626\u0629\u060c \u0645\u062c\u0645\u0648\u0639\u0629 \u0627\u0644\u0647\u062f\u0627\u064a\u0627\u060c \u0627\u0644\u0639\u0631\u0636<\/li>\n<li>\u0645\u0648\u0643\u0632 \u0645\u0631\u0646 \u0644\u062f\u0639\u0645 \u0627\u0644\u0634\u0631\u0643\u0627\u062a \u0627\u0644\u0646\u0627\u0634\u0626\u0629 \u0648\u0627\u0644\u0634\u0631\u0643\u0627\u062a \u0627\u0644\u0645\u062a\u0648\u0633\u0639\u0629<\/li>\n<\/ul>\n<\/section>\n<section style=\"margin-bottom: 25px;\">\n<h2 style=\"font-size: 20px; margin-bottom: 10px;\">\u0645\u0633\u062a\u062f\u0627\u0645 \u0648\u0635\u062f\u064a\u0642 \u0644\u0644\u0628\u064a\u0626\u0629<\/h2>\n<p>\u0647\u064a\u0643\u0644 \u0633\u064a\u0644\u064a\u0643\u0648\u0646 \u0642\u0627\u0628\u0644 \u0644\u0625\u0639\u0627\u062f\u0629 \u0627\u0644\u062a\u0639\u0628\u0626\u0629 \u0645\u0646 \u0627\u0644\u0633\u064a\u0644\u064a\u0643\u0648\u0646 \u064a\u0642\u0644\u0644 \u0645\u0646 \u0627\u0644\u0646\u0641\u0627\u064a\u0627\u062a \u0627\u0644\u0628\u0644\u0627\u0633\u062a\u064a\u0643\u064a\u0629 \u0627\u0644\u062a\u064a \u062a\u0633\u062a\u062e\u062f\u0645 \u0644\u0645\u0631\u0629 \u0648\u0627\u062d\u062f\u0629. \u062e\u0641\u064a\u0641 \u0627\u0644\u0648\u0632\u0646 \u0648\u0644\u0643\u0646\u0647 \u0645\u062a\u064a\u0646 \u0644\u0644\u0627\u0633\u062a\u062e\u062f\u0627\u0645 \u0627\u0644\u0645\u062a\u0643\u0631\u0631\u060c \u0645\u0645\u0627 \u064a\u0633\u0627\u0639\u062f \u0627\u0644\u0639\u0644\u0627\u0645\u0627\u062a \u0627\u0644\u062a\u062c\u0627\u0631\u064a\u0629 \u0648\u0627\u0644\u0645\u0633\u0627\u0641\u0631\u064a\u0646 \u0639\u0644\u0649 \u0627\u062a\u062e\u0627\u0630 \u062e\u064a\u0627\u0631\u0627\u062a \u0623\u0642\u0644 \u062a\u0623\u062b\u064a\u0631\u0627\u064b \u062f\u0648\u0646 \u0627\u0644\u062a\u0636\u062d\u064a\u0629 \u0628\u0627\u0644\u0631\u0627\u062d\u0629.<\/p>\n<\/section>\n<section style=\"margin-bottom: 25px;\">\n<h2 style=\"font-size: 20px; margin-bottom: 10px;\">\ud83d\udce6 \u0627\u0644\u062a\u0639\u0628\u0626\u0629 \u0648\u0627\u0644\u062a\u063a\u0644\u064a\u0641 \u0648\u0627\u0644\u0634\u062d\u0646<\/h2>\n<ul style=\"padding-left: 20px;\">\n<li>\u0627\u0644\u062a\u0639\u0628\u0626\u0629: \u0633\u0627\u0626\u0628\u0629\u060c \u0623\u0648 \u0639\u0628\u0648\u0629 \u062a\u062c\u0632\u0626\u0629\u060c \u0623\u0648 \u0645\u062e\u0635\u0635\u0629 \u062d\u0633\u0628 \u0627\u0644\u0637\u0644\u0628<\/li>\n<li>\u0627\u0644\u0645\u0647\u0644\u0629 \u0627\u0644\u0632\u0645\u0646\u064a\u0629: 15-30 \u064a\u0648\u0645\u064b\u0627 \u062d\u0633\u0628 \u0627\u0644\u062a\u062e\u0635\u064a\u0635<\/li>\n<li>\u0627\u0644\u062a\u0648\u0635\u064a\u0644: \u062c\u0648\u0627\u064b \u0623\u0648 \u0628\u062d\u0631\u0627\u064b \u0623\u0648 \u0628\u0627\u0644\u0628\u0631\u064a\u062f \u0627\u0644\u0633\u0631\u064a\u0639<\/li>\n<\/ul>\n<\/section>\n<section style=\"margin-bottom: 25px;\">\n<h2 style=\"font-size: 20px; margin-bottom: 10px;\">\ud83c\udfd6 \u0645\u062b\u0627\u0644\u064a \u0644<\/h2>\n<ul style=\"padding-left: 20px;\">\n<li>\u0627\u0644\u0633\u0641\u0631 \u0648\u0627\u0644\u0625\u062c\u0627\u0632\u0627\u062a \u0627\u0644\u0634\u062e\u0635\u064a\u0629<\/li>\n<li>\u0635\u0627\u0644\u0648\u0646\u0627\u062a \u0627\u0644\u062a\u062c\u0645\u064a\u0644 \u0648\u0627\u0644\u0639\u0644\u0627\u0645\u0627\u062a \u0627\u0644\u062a\u062c\u0627\u0631\u064a\u0629 \u0644\u0645\u0633\u062a\u062d\u0636\u0631\u0627\u062a \u0627\u0644\u062a\u062c\u0645\u064a\u0644<\/li>\n<li>\u0648\u0633\u0627\u0626\u0644 \u0627\u0644\u0631\u0627\u062d\u0629 \u0627\u0644\u0641\u0646\u062f\u0642\u064a\u0629 \u0648\u0627\u0644\u0647\u062f\u0627\u064a\u0627 \u0627\u0644\u062a\u0631\u0648\u064a\u062c\u064a\u0629<\/li>\n<li>\u0627\u0644\u0631\u0648\u062a\u064a\u0646 \u0627\u0644\u064a\u0648\u0645\u064a \u0644\u0644\u0639\u0646\u0627\u064a\u0629 \u0628\u0627\u0644\u0628\u0634\u0631\u0629 \u0648\u0627\u0644\u0634\u0639\u0631<\/li>\n<\/ul>\n<\/section>\n<section>\n<h2 style=\"font-size: 20px; margin-bottom: 10px;\">\u2705 \u0645\u0644\u062e\u0635 \u2705 \u0645\u0644\u062e\u0635<\/h2>\n<p>\u0632\u062c\u0627\u062c\u0629 \u0636\u063a\u0637 \u0627\u0644\u0633\u064a\u0644\u064a\u0643\u0648\u0646 \u0633\u0639\u0629 60 \u0645\u0644 \u0645\u0639 \u0641\u0631\u0634\u0627\u0629 \u0633\u0641\u0644\u064a\u0629 \u0647\u064a \u062d\u0644 \u0645\u062f\u0645\u062c \u0648\u0622\u0645\u0646 \u0644\u0644\u062a\u0633\u0631\u0628 \u0648\u0642\u0627\u0628\u0644 \u0644\u0644\u062a\u062e\u0635\u064a\u0635 \u0628\u062f\u0631\u062c\u0629 \u0643\u0628\u064a\u0631\u0629 \u0644\u062a\u062e\u0632\u064a\u0646 \u0645\u0633\u062a\u062d\u0636\u0631\u0627\u062a \u0627\u0644\u062a\u062c\u0645\u064a\u0644 \u0627\u0644\u0633\u0627\u0626\u0644\u0629 \u0648\u0645\u0633\u062a\u062d\u0636\u0631\u0627\u062a \u0627\u0644\u062a\u062c\u0645\u064a\u0644 \u0648\u0648\u0636\u0639\u0647\u0627. \u0648\u0647\u064a \u0645\u062b\u0627\u0644\u064a\u0629 \u0644\u0623\u0637\u0642\u0645 \u0627\u0644\u0633\u0641\u0631 \u0648\u0631\u0641\u0648\u0641 \u0627\u0644\u0628\u064a\u0639 \u0628\u0627\u0644\u062a\u062c\u0632\u0626\u0629 \u0648\u0627\u0644\u0634\u062d\u0646 \u0639\u0644\u0649 \u062a\u0648\u0645 \u062a\u0648\u0628\u060c \u0641\u0647\u064a \u062a\u062c\u0645\u0639 \u0628\u064a\u0646 \u0633\u0647\u0648\u0644\u0629 \u0627\u0644\u0627\u0633\u062a\u062e\u062f\u0627\u0645 \u0648\u0625\u0639\u0627\u062f\u0629 \u0627\u0644\u0627\u0633\u062a\u062e\u062f\u0627\u0645 \u0627\u0644\u0645\u0633\u062a\u062f\u0627\u0645 \u0648\u0627\u0644\u062a\u062e\u0635\u064a\u0635 \u0627\u0644\u062c\u0627\u0647\u0632 \u0644\u0644\u0639\u0644\u0627\u0645\u0629 \u0627\u0644\u062a\u062c\u0627\u0631\u064a\u0629 \u0641\u064a \u0639\u0628\u0648\u0629 \u0648\u0627\u062d\u062f\u0629 \u0623\u0646\u064a\u0642\u0629.<\/p>\n<p style=\"font-size: 12px; color: #555;\">\u062a\u062e\u0636\u0639 \u0627\u0644\u0645\u0648\u0627\u0635\u0641\u0627\u062a \u0644\u062a\u0641\u0627\u0648\u062a\u0627\u062a \u0627\u0644\u062a\u0635\u0646\u064a\u0639 \u0627\u0644\u0642\u064a\u0627\u0633\u064a\u0629.<\/p>\n<\/section>\n<\/section>","protected":false},"excerpt":{"rendered":"<p>\u0632\u062c\u0627\u062c\u0629 \u063a\u0633\u0648\u0644 \u0644\u0644\u0633\u0641\u0631 \u0642\u0627\u0628\u0644\u0629 \u0644\u0625\u0639\u0627\u062f\u0629 \u0627\u0644\u062a\u0639\u0628\u0626\u0629 \u0645\u0646 \u0627\u0644\u0633\u064a\u0644\u064a\u0643\u0648\u0646 \u0633\u0639\u0629 60 \u0645\u0644 \u0645\u0639 \u0641\u0631\u0634\u0627\u0629 \u0633\u0641\u0644\u064a\u0629 \u0644\u0645\u0633\u062a\u062d\u0636\u0631\u0627\u062a \u0627\u0644\u062a\u062c\u0645\u064a\u0644 \u0623\u0648 \u0627\u0644\u0634\u0627\u0645\u0628\u0648 \u0623\u0648 \u0627\u0644\u063a\u0633\u0648\u0644. \u0645\u0648\u0632\u0639 \u0633\u0641\u0631 \u0645\u062d\u0645\u0648\u0644 \u0645\u0627\u0646\u0639 \u0644\u0644\u062a\u0633\u0631\u0628 \u0648\u0642\u0627\u0628\u0644 \u0644\u0625\u0639\u0627\u062f\u0629 \u0627\u0644\u062a\u0639\u0628\u0626\u0629 \u0648\u0642\u0627\u0628\u0644 \u0644\u0625\u0639\u0627\u062f\u0629 \u0627\u0644\u062a\u0639\u0628\u0626\u0629 \u0645\u0639 \u062e\u064a\u0627\u0631\u0627\u062a \u0642\u0627\u0628\u0644\u0629 \u0644\u0644\u062a\u062e\u0635\u064a\u0635 \u0645\u0646 OEM \u0644\u0644\u0639\u0644\u0627\u0645\u0629 \u0627\u0644\u062a\u062c\u0627\u0631\u064a\u0629 \u0648\u0627\u0644\u0623\u0644\u0648\u0627\u0646 \u0648\u0627\u0644\u062a\u063a\u0644\u064a\u0641. \u0645\u062a\u064a\u0646\u0629 \u0648\u0635\u062f\u064a\u0642\u0629 \u0644\u0644\u0628\u064a\u0626\u0629 \u0648\u0633\u0647\u0644\u0629 \u0627\u0644\u062a\u0646\u0638\u064a\u0641.<\/p>","protected":false},"featured_media":5746,"comment_status":"closed","ping_status":"closed","template":"","meta":{"_acf_changed":false},"product_brand":[],"product_cat":[49],"product_tag":[],"class_list":{"0":"post-5346","1":"product","2":"type-product","3":"status-publish","4":"has-post-thumbnail","6":"product_cat-silicone-materials","8":"first","9":"instock","10":"shipping-taxable","11":"product-type-grouped"},"acf":[],"_links":{"self":[{"href":"https:\/\/goldensoarpackage.com\/ar\/wp-json\/wp\/v2\/product\/5346","targetHints":{"allow":["GET"]}}],"collection":[{"href":"https:\/\/goldensoarpackage.com\/ar\/wp-json\/wp\/v2\/product"}],"about":[{"href":"https:\/\/goldensoarpackage.com\/ar\/wp-json\/wp\/v2\/types\/product"}],"replies":[{"embeddable":true,"href":"https:\/\/goldensoarpackage.com\/ar\/wp-json\/wp\/v2\/comments?post=5346"}],"wp:featuredmedia":[{"embeddable":true,"href":"https:\/\/goldensoarpackage.com\/ar\/wp-json\/wp\/v2\/media\/5746"}],"wp:attachment":[{"href":"https:\/\/goldensoarpackage.com\/ar\/wp-json\/wp\/v2\/media?parent=5346"}],"wp:term":[{"taxonomy":"product_brand","embeddable":true,"href":"https:\/\/goldensoarpackage.com\/ar\/wp-json\/wp\/v2\/product_brand?post=5346"},{"taxonomy":"product_cat","embeddable":true,"href":"https:\/\/goldensoarpackage.com\/ar\/wp-json\/wp\/v2\/product_cat?post=5346"},{"taxonomy":"product_tag","embeddable":true,"href":"https:\/\/goldensoarpackage.com\/ar\/wp-json\/wp\/v2\/product_tag?post=5346"}],"curies":[{"name":"wp","href":"https:\/\/api.w.org\/{rel}","templated":true}]}}